{"id":173,"date":"2025-05-21T09:48:33","date_gmt":"2025-05-21T09:48:33","guid":{"rendered":"https:\/\/studyinvalence.tcvalence.fr\/?page_id=173"},"modified":"2025-05-23T16:20:37","modified_gmt":"2025-05-23T16:20:37","slug":"173-2","status":"publish","type":"page","link":"https:\/\/studyinvalence.tcvalence.fr\/?page_id=173","title":{"rendered":"Mentions l\u00e9gales"},"content":{"rendered":"<p>[et_pb_section fb_built=\u00a0\u00bb1&Prime; _builder_version=\u00a0\u00bb4.27.4&Prime; _module_preset=\u00a0\u00bbdefault\u00a0\u00bb global_colors_info=\u00a0\u00bb{}\u00a0\u00bb][et_pb_row _builder_version=\u00a0\u00bb4.27.4&Prime; _module_preset=\u00a0\u00bbdefault\u00a0\u00bb global_colors_info=\u00a0\u00bb{}\u00a0\u00bb][et_pb_column type=\u00a0\u00bb4_4&Prime; _builder_version=\u00a0\u00bb4.27.4&Prime; _module_preset=\u00a0\u00bbdefault\u00a0\u00bb global_colors_info=\u00a0\u00bb{}\u00a0\u00bb][et_pb_text _builder_version=\u00a0\u00bb4.27.4&Prime; _module_preset=\u00a0\u00bbdefault\u00a0\u00bb global_colors_info=\u00a0\u00bb{}\u00a0\u00bb]<\/p>\n<h1>Mentions l\u00e9gales<\/h1>\n<p>[\/et_pb_text][et_pb_text _builder_version=\u00a0\u00bb4.27.4&Prime; _module_preset=\u00a0\u00bbdefault\u00a0\u00bb hover_enabled=\u00a0\u00bb0&Prime; global_colors_info=\u00a0\u00bb{}\u00a0\u00bb sticky_enabled=\u00a0\u00bb0&Prime;]<\/p>\n<h3 data-start=\"210\" data-end=\"236\"><strong data-start=\"217\" data-end=\"236\">\u00c9diteur du site<\/strong><\/h3>\n<p data-start=\"298\" data-end=\"822\">Ce site est \u00e9dit\u00e9 par :<br data-start=\"321\" data-end=\"324\" \/><strong data-start=\"324\" data-end=\"331\">Nom<\/strong> : IUT de Valence \u2013 Universit\u00e9 Grenoble Alpes<br data-start=\"376\" data-end=\"379\" \/><strong data-start=\"379\" data-end=\"399\">Statut juridique<\/strong> : \u00c9tablissement public \u00e0 caract\u00e8re scientifique, culturel et professionnel<br data-start=\"474\" data-end=\"477\" \/><strong data-start=\"477\" data-end=\"488\">Adresse<\/strong> : IUT de Valence, 51 rue Barth\u00e9l\u00e9my de Laffemas, 26000 Valence, France<br data-start=\"559\" data-end=\"562\" \/><strong data-start=\"562\" data-end=\"575\">T\u00e9l\u00e9phone<\/strong> : 04 75 75 91 00<br data-start=\"592\" data-end=\"595\" \/><strong data-start=\"595\" data-end=\"613\">Adresse e-mail<\/strong> : <a data-start=\"616\" data-end=\"650\" class=\"cursor-pointer\" rel=\"noopener\">iut-valence@univ-grenoble-alpes.fr<\/a><br data-start=\"650\" data-end=\"653\" \/><strong data-start=\"653\" data-end=\"684\">Directeur de la publication<\/strong> : [Nom du directeur de l\u2019IUT, \u00e0 compl\u00e9ter]<br data-start=\"727\" data-end=\"730\" data-is-only-node=\"\" \/><strong data-start=\"730\" data-end=\"755\">Responsable \u00e9ditorial<\/strong> : [Nom du charg\u00e9 de projet ou r\u00e9f\u00e9rent communication, \u00e0 compl\u00e9ter]<\/p>\n<hr data-start=\"627\" data-end=\"630\" \/>\n<h3 data-start=\"632\" data-end=\"662\"><strong data-start=\"639\" data-end=\"662\">H\u00e9bergement du site<\/strong><\/h3>\n<p data-start=\"861\" data-end=\"1201\">Ce site est h\u00e9berg\u00e9 par :<br data-start=\"886\" data-end=\"889\" \/><strong data-start=\"889\" data-end=\"911\">Nom de l\u2019h\u00e9bergeur<\/strong> : Automattic Inc. (WordPress.com)<br data-start=\"945\" data-end=\"948\" \/><strong data-start=\"948\" data-end=\"959\">Adresse<\/strong> : 60 29th Street #343, San Francisco, CA 94110, \u00c9tats-Unis<br data-start=\"1018\" data-end=\"1021\" \/><strong data-start=\"1021\" data-end=\"1033\">Site web<\/strong> : <a data-start=\"1036\" data-end=\"1082\" rel=\"noopener\" target=\"_new\" class=\"\" href=\"https:\/\/wordpress.com\/\">https:\/\/wordpress.com<\/a><br data-start=\"1082\" data-end=\"1085\" \/><strong data-start=\"1085\" data-end=\"1132\">Politique de confidentialit\u00e9 de l\u2019h\u00e9bergeur<\/strong> : <a data-start=\"1135\" data-end=\"1201\" rel=\"noopener\" target=\"_new\" class=\"cursor-pointer\">https:\/\/automattic.com\/privacy\/<\/a><\/p>\n<hr data-start=\"911\" data-end=\"914\" \/>\n<h3 data-start=\"916\" data-end=\"951\"><strong data-start=\"923\" data-end=\"951\">Propri\u00e9t\u00e9 intellectuelle<\/strong><\/h3>\n<p data-start=\"1245\" data-end=\"1457\">L\u2019ensemble des contenus pr\u00e9sents sur ce site est la propri\u00e9t\u00e9 de l\u2019IUT de Valence \u2013 Universit\u00e9 Grenoble Alpes, sauf indication contraire.<\/p>\n<p data-start=\"1459\" data-end=\"1698\">Toute reproduction, modification, diffusion ou exploitation du contenu du site, par quelque moyen que ce soit, sans autorisation \u00e9crite pr\u00e9alable, est strictement interdite et constitue une violation du Code de la propri\u00e9t\u00e9 intellectuelle.<\/p>\n<p>[\/et_pb_text][\/et_pb_column][\/et_pb_row][\/et_pb_section]<\/p>\n","protected":false},"excerpt":{"rendered":"<p>Mentions l\u00e9gales\u00c9diteur du site Ce site est \u00e9dit\u00e9 par :Nom : IUT de Valence \u2013 Universit\u00e9 Grenoble AlpesStatut juridique : \u00c9tablissement public \u00e0 caract\u00e8re scientifique, culturel et professionnelAdresse : IUT de Valence, 51 rue Barth\u00e9l\u00e9my de Laffemas, 26000 Valence, FranceT\u00e9l\u00e9phone : 04 75 75 91 00Adresse e-mail : iut-valence@univ-grenoble-alpes.frDirecteur de la publication : [Nom du [&hellip;]<\/p>\n","protected":false},"author":1,"featured_media":0,"parent":0,"menu_order":0,"comment_status":"closed","ping_status":"closed","template":"","meta":{"_et_pb_use_builder":"on","_et_pb_old_content":"","_et_gb_content_width":"","footnotes":""},"class_list":["post-173","page","type-page","status-publish","hentry"],"yoast_head":"<!-- This site is optimized with the Yoast SEO plugin v25.2 - https:\/\/yoast.com\/wordpress\/plugins\/seo\/ -->\n<title>Mentions l\u00e9gales - Study In Valence<\/title>\n<meta name=\"robots\" content=\"index, follow, max-snippet:-1, max-image-preview:large, max-video-preview:-1\" \/>\n<link rel=\"canonical\" href=\"https:\/\/studyinvalence.tcvalence.fr\/?page_id=173\" \/>\n<meta property=\"og:locale\" content=\"fr_FR\" \/>\n<meta property=\"og:type\" content=\"article\" \/>\n<meta property=\"og:title\" content=\"Mentions l\u00e9gales - Study In Valence\" \/>\n<meta property=\"og:description\" content=\"Mentions l\u00e9gales\u00c9diteur du site Ce site est \u00e9dit\u00e9 par :Nom : IUT de Valence \u2013 Universit\u00e9 Grenoble AlpesStatut juridique : \u00c9tablissement public \u00e0 caract\u00e8re scientifique, culturel et professionnelAdresse : IUT de Valence, 51 rue Barth\u00e9l\u00e9my de Laffemas, 26000 Valence, FranceT\u00e9l\u00e9phone : 04 75 75 91 00Adresse e-mail : iut-valence@univ-grenoble-alpes.frDirecteur de la publication : [Nom du [&hellip;]\" \/>\n<meta property=\"og:url\" content=\"https:\/\/studyinvalence.tcvalence.fr\/?page_id=173\" \/>\n<meta property=\"og:site_name\" content=\"Study In Valence\" \/>\n<meta property=\"article:modified_time\" content=\"2025-05-23T16:20:37+00:00\" \/>\n<meta name=\"twitter:card\" content=\"summary_large_image\" \/>\n<script type=\"application\/ld+json\" class=\"yoast-schema-graph\">{\"@context\":\"https:\/\/schema.org\",\"@graph\":[{\"@type\":\"WebPage\",\"@id\":\"https:\/\/studyinvalence.tcvalence.fr\/?page_id=173\",\"url\":\"https:\/\/studyinvalence.tcvalence.fr\/?page_id=173\",\"name\":\"Mentions l\u00e9gales - Study In Valence\",\"isPartOf\":{\"@id\":\"https:\/\/studyinvalence.tcvalence.fr\/#website\"},\"datePublished\":\"2025-05-21T09:48:33+00:00\",\"dateModified\":\"2025-05-23T16:20:37+00:00\",\"breadcrumb\":{\"@id\":\"https:\/\/studyinvalence.tcvalence.fr\/?page_id=173#breadcrumb\"},\"inLanguage\":\"fr-FR\",\"potentialAction\":[{\"@type\":\"ReadAction\",\"target\":[\"https:\/\/studyinvalence.tcvalence.fr\/?page_id=173\"]}]},{\"@type\":\"BreadcrumbList\",\"@id\":\"https:\/\/studyinvalence.tcvalence.fr\/?page_id=173#breadcrumb\",\"itemListElement\":[{\"@type\":\"ListItem\",\"position\":1,\"name\":\"Accueil\",\"item\":\"https:\/\/studyinvalence.tcvalence.fr\/\"},{\"@type\":\"ListItem\",\"position\":2,\"name\":\"Mentions l\u00e9gales\"}]},{\"@type\":\"WebSite\",\"@id\":\"https:\/\/studyinvalence.tcvalence.fr\/#website\",\"url\":\"https:\/\/studyinvalence.tcvalence.fr\/\",\"name\":\"Study In Valence\",\"description\":\"\",\"potentialAction\":[{\"@type\":\"SearchAction\",\"target\":{\"@type\":\"EntryPoint\",\"urlTemplate\":\"https:\/\/studyinvalence.tcvalence.fr\/?s={search_term_string}\"},\"query-input\":{\"@type\":\"PropertyValueSpecification\",\"valueRequired\":true,\"valueName\":\"search_term_string\"}}],\"inLanguage\":\"fr-FR\"}]}<\/script>\n<!-- \/ Yoast SEO plugin. -->","yoast_head_json":{"title":"Mentions l\u00e9gales - Study In Valence","robots":{"index":"index","follow":"follow","max-snippet":"max-snippet:-1","max-image-preview":"max-image-preview:large","max-video-preview":"max-video-preview:-1"},"canonical":"https:\/\/studyinvalence.tcvalence.fr\/?page_id=173","og_locale":"fr_FR","og_type":"article","og_title":"Mentions l\u00e9gales - Study In Valence","og_description":"Mentions l\u00e9gales\u00c9diteur du site Ce site est \u00e9dit\u00e9 par :Nom : IUT de Valence \u2013 Universit\u00e9 Grenoble AlpesStatut juridique : \u00c9tablissement public \u00e0 caract\u00e8re scientifique, culturel et professionnelAdresse : IUT de Valence, 51 rue Barth\u00e9l\u00e9my de Laffemas, 26000 Valence, FranceT\u00e9l\u00e9phone : 04 75 75 91 00Adresse e-mail : iut-valence@univ-grenoble-alpes.frDirecteur de la publication : [Nom du [&hellip;]","og_url":"https:\/\/studyinvalence.tcvalence.fr\/?page_id=173","og_site_name":"Study In Valence","article_modified_time":"2025-05-23T16:20:37+00:00","twitter_card":"summary_large_image","schema":{"@context":"https:\/\/schema.org","@graph":[{"@type":"WebPage","@id":"https:\/\/studyinvalence.tcvalence.fr\/?page_id=173","url":"https:\/\/studyinvalence.tcvalence.fr\/?page_id=173","name":"Mentions l\u00e9gales - Study In Valence","isPartOf":{"@id":"https:\/\/studyinvalence.tcvalence.fr\/#website"},"datePublished":"2025-05-21T09:48:33+00:00","dateModified":"2025-05-23T16:20:37+00:00","breadcrumb":{"@id":"https:\/\/studyinvalence.tcvalence.fr\/?page_id=173#breadcrumb"},"inLanguage":"fr-FR","potentialAction":[{"@type":"ReadAction","target":["https:\/\/studyinvalence.tcvalence.fr\/?page_id=173"]}]},{"@type":"BreadcrumbList","@id":"https:\/\/studyinvalence.tcvalence.fr\/?page_id=173#breadcrumb","itemListElement":[{"@type":"ListItem","position":1,"name":"Accueil","item":"https:\/\/studyinvalence.tcvalence.fr\/"},{"@type":"ListItem","position":2,"name":"Mentions l\u00e9gales"}]},{"@type":"WebSite","@id":"https:\/\/studyinvalence.tcvalence.fr\/#website","url":"https:\/\/studyinvalence.tcvalence.fr\/","name":"Study In Valence","description":"","potentialAction":[{"@type":"SearchAction","target":{"@type":"EntryPoint","urlTemplate":"https:\/\/studyinvalence.tcvalence.fr\/?s={search_term_string}"},"query-input":{"@type":"PropertyValueSpecification","valueRequired":true,"valueName":"search_term_string"}}],"inLanguage":"fr-FR"}]}},"_links":{"self":[{"href":"https:\/\/studyinvalence.tcvalence.fr\/index.php?rest_route=\/wp\/v2\/pages\/173","targetHints":{"allow":["GET"]}}],"collection":[{"href":"https:\/\/studyinvalence.tcvalence.fr\/index.php?rest_route=\/wp\/v2\/pages"}],"about":[{"href":"https:\/\/studyinvalence.tcvalence.fr\/index.php?rest_route=\/wp\/v2\/types\/page"}],"author":[{"embeddable":true,"href":"https:\/\/studyinvalence.tcvalence.fr\/index.php?rest_route=\/wp\/v2\/users\/1"}],"replies":[{"embeddable":true,"href":"https:\/\/studyinvalence.tcvalence.fr\/index.php?rest_route=%2Fwp%2Fv2%2Fcomments&post=173"}],"version-history":[{"count":5,"href":"https:\/\/studyinvalence.tcvalence.fr\/index.php?rest_route=\/wp\/v2\/pages\/173\/revisions"}],"predecessor-version":[{"id":304,"href":"https:\/\/studyinvalence.tcvalence.fr\/index.php?rest_route=\/wp\/v2\/pages\/173\/revisions\/304"}],"wp:attachment":[{"href":"https:\/\/studyinvalence.tcvalence.fr\/index.php?rest_route=%2Fwp%2Fv2%2Fmedia&parent=173"}],"curies":[{"name":"wp","href":"https:\/\/api.w.org\/{rel}","templated":true}]}}