{"id":204,"date":"2025-05-23T06:44:40","date_gmt":"2025-05-23T06:44:40","guid":{"rendered":"https:\/\/studyinvalence.tcvalence.fr\/?page_id=204"},"modified":"2025-05-23T15:56:07","modified_gmt":"2025-05-23T15:56:07","slug":"204-2","status":"publish","type":"page","link":"https:\/\/studyinvalence.tcvalence.fr\/?page_id=204","title":{"rendered":"Adresses incontournables"},"content":{"rendered":"<p>[et_pb_section fb_built=\u00a0\u00bb1&Prime; admin_label=\u00a0\u00bbHeader &#038; Gallery\u00a0\u00bb _builder_version=\u00a0\u00bb4.24.3&Prime; _module_preset=\u00a0\u00bbdefault\u00a0\u00bb collapsed=\u00a0\u00bbon\u00a0\u00bb global_colors_info=\u00a0\u00bb{}\u00a0\u00bb][et_pb_row column_structure=\u00a0\u00bb3_5,2_5&Prime; _builder_version=\u00a0\u00bb4.27.4&Prime; _module_preset=\u00a0\u00bbdefault\u00a0\u00bb global_colors_info=\u00a0\u00bb{}\u00a0\u00bb][et_pb_column type=\u00a0\u00bb3_5&Prime; _builder_version=\u00a0\u00bb4.27.4&Prime; _module_preset=\u00a0\u00bbdefault\u00a0\u00bb global_colors_info=\u00a0\u00bb{}\u00a0\u00bb][et_pb_heading title=\u00a0\u00bbLes adresses incontournables \u00e0 Valence !\u00a0\u00bb _builder_version=\u00a0\u00bb4.27.4&Prime; _module_preset=\u00a0\u00bbe4d9edac-8046-40ed-a819-f86e65ab8d41&Prime; global_colors_info=\u00a0\u00bb{}\u00a0\u00bb][\/et_pb_heading][\/et_pb_column][et_pb_column type=\u00a0\u00bb2_5&Prime; _builder_version=\u00a0\u00bb4.27.4&Prime; _module_preset=\u00a0\u00bbdefault\u00a0\u00bb global_colors_info=\u00a0\u00bb{}\u00a0\u00bb][et_pb_text _builder_version=\u00a0\u00bb4.27.4&Prime; _module_preset=\u00a0\u00bb813bd375-8c57-426c-8bd7-07b37321eeb6&Prime; hover_enabled=\u00a0\u00bb0&Prime; global_colors_info=\u00a0\u00bb{}\u00a0\u00bb text_font_size=\u00a0\u00bb20px\u00a0\u00bb sticky_enabled=\u00a0\u00bb0&Prime;]<\/p>\n<p><span>Valence est une ville \u00e0 taille humaine, vivante et pleine de bonnes surprises. Cette page te guidera \u00e0 travers les meilleurs bars pour sortir, les restaurants sympas pour bien manger sans se ruiner, et les lieux parfaits pour te poser, r\u00e9viser ou te d\u00e9tendre. Suis le guide et d\u00e9couvre les endroits incontournables o\u00f9 se retrouve la vie \u00e9tudiante valentinoise !<\/span><\/p>\n<p>[\/et_pb_text][\/et_pb_column][\/et_pb_row][et_pb_row column_structure=\u00a0\u00bb1_2,1_2&Prime; _builder_version=\u00a0\u00bb4.27.4&Prime; _module_preset=\u00a0\u00bbdefault\u00a0\u00bb global_colors_info=\u00a0\u00bb{}\u00a0\u00bb][et_pb_column type=\u00a0\u00bb1_2&Prime; _builder_version=\u00a0\u00bb4.27.4&Prime; _module_preset=\u00a0\u00bbdefault\u00a0\u00bb global_colors_info=\u00a0\u00bb{}\u00a0\u00bb][\/et_pb_column][et_pb_column type=\u00a0\u00bb1_2&Prime; _builder_version=\u00a0\u00bb4.27.4&Prime; _module_preset=\u00a0\u00bbdefault\u00a0\u00bb global_colors_info=\u00a0\u00bb{}\u00a0\u00bb][et_pb_heading title=\u00a0\u00bbLes meilleurs bars pour chiller entre ami\u00a0\u00bb _builder_version=\u00a0\u00bb4.27.4&Prime; _module_preset=\u00a0\u00bbff72b249-de04-4cfe-b0fd-62ab7b8f378c\u00a0\u00bb title_text_align=\u00a0\u00bbright\u00a0\u00bb global_colors_info=\u00a0\u00bb{}\u00a0\u00bb][\/et_pb_heading][\/et_pb_column][\/et_pb_row][et_pb_row column_structure=\u00a0\u00bb1_3,1_3,1_3&Prime; use_custom_gutter=\u00a0\u00bbon\u00a0\u00bb gutter_width=\u00a0\u00bb2&Prime; _builder_version=\u00a0\u00bb4.24.3&Prime; _module_preset=\u00a0\u00bbdefault\u00a0\u00bb max_width=\u00a0\u00bbnone\u00a0\u00bb custom_padding=\u00a0\u00bb0px||0px||true|false\u00a0\u00bb locked=\u00a0\u00bboff\u00a0\u00bb global_colors_info=\u00a0\u00bb{}\u00a0\u00bb][et_pb_column type=\u00a0\u00bb1_3&Prime; _builder_version=\u00a0\u00bb4.24.3&Prime; _module_preset=\u00a0\u00bbdefault\u00a0\u00bb global_colors_info=\u00a0\u00bb{}\u00a0\u00bb][et_pb_image src=\u00a0\u00bbhttps:\/\/studyinvalence.tcvalence.fr\/wp-content\/uploads\/2025\/05\/bastille.webp\u00a0\u00bb title_text=\u00a0\u00bbbastille\u00a0\u00bb _builder_version=\u00a0\u00bb4.27.4&Prime; _module_preset=\u00a0\u00bbdefault\u00a0\u00bb max_height_tablet=\u00a0\u00bb300px\u00a0\u00bb max_height_phone=\u00a0\u00bb300px\u00a0\u00bb max_height_last_edited=\u00a0\u00bbon|desktop\u00a0\u00bb locked=\u00a0\u00bboff\u00a0\u00bb global_colors_info=\u00a0\u00bb{}\u00a0\u00bb][\/et_pb_image][\/et_pb_column][et_pb_column type=\u00a0\u00bb1_3&Prime; _builder_version=\u00a0\u00bb4.24.3&Prime; _module_preset=\u00a0\u00bbdefault\u00a0\u00bb global_colors_info=\u00a0\u00bb{}\u00a0\u00bb][et_pb_image src=\u00a0\u00bbhttps:\/\/studyinvalence.tcvalence.fr\/wp-content\/uploads\/2025\/05\/chams.webp\u00a0\u00bb title_text=\u00a0\u00bbchams\u00a0\u00bb align=\u00a0\u00bbright\u00a0\u00bb _builder_version=\u00a0\u00bb4.27.4&Prime; _module_preset=\u00a0\u00bbdefault\u00a0\u00bb max_height_tablet=\u00a0\u00bb300px\u00a0\u00bb max_height_phone=\u00a0\u00bb300px\u00a0\u00bb max_height_last_edited=\u00a0\u00bbon|tablet\u00a0\u00bb locked=\u00a0\u00bboff\u00a0\u00bb global_colors_info=\u00a0\u00bb{}\u00a0\u00bb][\/et_pb_image][\/et_pb_column][et_pb_column type=\u00a0\u00bb1_3&Prime; _builder_version=\u00a0\u00bb4.24.3&Prime; _module_preset=\u00a0\u00bbdefault\u00a0\u00bb global_colors_info=\u00a0\u00bb{}\u00a0\u00bb][et_pb_image src=\u00a0\u00bbhttps:\/\/studyinvalence.tcvalence.fr\/wp-content\/uploads\/2025\/05\/wallstreat.webp\u00a0\u00bb title_text=\u00a0\u00bbwallstreat\u00a0\u00bb _builder_version=\u00a0\u00bb4.27.4&Prime; _module_preset=\u00a0\u00bbdefault\u00a0\u00bb max_height_tablet=\u00a0\u00bb300px\u00a0\u00bb max_height_phone=\u00a0\u00bb300px\u00a0\u00bb max_height_last_edited=\u00a0\u00bbon|tablet\u00a0\u00bb locked=\u00a0\u00bboff\u00a0\u00bb global_colors_info=\u00a0\u00bb{}\u00a0\u00bb][\/et_pb_image][\/et_pb_column][\/et_pb_row][et_pb_row column_structure=\u00a0\u00bb1_3,1_3,1_3&Prime; _builder_version=\u00a0\u00bb4.24.3&Prime; _module_preset=\u00a0\u00bbdefault\u00a0\u00bb max_width=\u00a0\u00bbnone\u00a0\u00bb global_colors_info=\u00a0\u00bb{}\u00a0\u00bb][et_pb_column type=\u00a0\u00bb1_3&Prime; _builder_version=\u00a0\u00bb4.24.3&Prime; _module_preset=\u00a0\u00bbdefault\u00a0\u00bb global_colors_info=\u00a0\u00bb{}\u00a0\u00bb][et_pb_heading title=\u00a0\u00bbLa Bastille\u00a0\u00bb _builder_version=\u00a0\u00bb4.27.4&Prime; _module_preset=\u00a0\u00bb323741a2-783d-4e42-91d0-1b46766f11cc\u00a0\u00bb global_colors_info=\u00a0\u00bb{%22gcid-3e93bdc5-146d-448e-a761-9f1b4dd51113%22:%91%22link_text_color%22,%22quote_border_color%22%93,%22gcid-c7d8f091-13fc-48ff-a161-01fd58ed72d5%22:%91%22quote_text_color%22,%22quote_text_color%22%93}\u00a0\u00bb][\/et_pb_heading][et_pb_text _builder_version=\u00a0\u00bb4.27.4&Prime; _module_preset=\u00a0\u00bbdefault\u00a0\u00bb global_colors_info=\u00a0\u00bb{}\u00a0\u00bb]<\/p>\n<p><strong data-start=\"1804\" data-end=\"1819\">La Bastille<\/strong><span> est un incontournable du centre-ville. Tr\u00e8s appr\u00e9ci\u00e9 des \u00e9tudiants, on y retrouve souvent des concerts live et des retransmissions sportives.\u00a0<\/span><\/p>\n<p><span>La Bastille \u2013 18 place Aristide Briand, Valence<\/span><\/p>\n<p>[\/et_pb_text][\/et_pb_column][et_pb_column type=\u00a0\u00bb1_3&Prime; _builder_version=\u00a0\u00bb4.24.3&Prime; _module_preset=\u00a0\u00bbdefault\u00a0\u00bb global_colors_info=\u00a0\u00bb{}\u00a0\u00bb][et_pb_heading title=\u00a0\u00bbLe CHAM&rsquo;S\u00a0\u00bb _builder_version=\u00a0\u00bb4.27.4&Prime; _module_preset=\u00a0\u00bb323741a2-783d-4e42-91d0-1b46766f11cc\u00a0\u00bb global_colors_info=\u00a0\u00bb{%22gcid-3e93bdc5-146d-448e-a761-9f1b4dd51113%22:%91%22link_text_color%22,%22quote_border_color%22%93,%22gcid-c7d8f091-13fc-48ff-a161-01fd58ed72d5%22:%91%22quote_text_color%22,%22quote_text_color%22%93}\u00a0\u00bb][\/et_pb_heading][et_pb_text _builder_version=\u00a0\u00bb4.27.4&Prime; _module_preset=\u00a0\u00bbdefault\u00a0\u00bb global_colors_info=\u00a0\u00bb{}\u00a0\u00bb]<\/p>\n<p><span>Pour une ambiance plus am\u00e9ricaine, direction <\/span><strong data-start=\"2007\" data-end=\"2020\">Le CHAM\u2019S<\/strong><span>, un bar spacieux avec fl\u00e9chettes, billard et soir\u00e9es \u00e0 th\u00e8me.<\/span><\/p>\n<p><span>Le CHAM\u2019S \u2013 3 avenue de Verdun, Valence<\/span><\/p>\n<p>[\/et_pb_text][\/et_pb_column][et_pb_column type=\u00a0\u00bb1_3&Prime; _builder_version=\u00a0\u00bb4.24.3&Prime; _module_preset=\u00a0\u00bbdefault\u00a0\u00bb global_colors_info=\u00a0\u00bb{}\u00a0\u00bb][et_pb_heading title=\u00a0\u00bbWallstr\u2019Eat\u00a0\u00bb _builder_version=\u00a0\u00bb4.27.4&Prime; _module_preset=\u00a0\u00bb323741a2-783d-4e42-91d0-1b46766f11cc\u00a0\u00bb global_colors_info=\u00a0\u00bb{%22gcid-3e93bdc5-146d-448e-a761-9f1b4dd51113%22:%91%22link_text_color%22,%22quote_border_color%22%93,%22gcid-c7d8f091-13fc-48ff-a161-01fd58ed72d5%22:%91%22quote_text_color%22,%22quote_text_color%22%93}\u00a0\u00bb][\/et_pb_heading][et_pb_text _builder_version=\u00a0\u00bb4.27.4&Prime; _module_preset=\u00a0\u00bbdefault\u00a0\u00bb global_colors_info=\u00a0\u00bb{}\u00a0\u00bb]<\/p>\n<p data-start=\"2084\" data-end=\"2397\">Vous aimez les cocktails ? Essayez le <strong data-start=\"2122\" data-end=\"2137\">Wallstr\u2019Eat<\/strong> avec ses cr\u00e9ations originales et son d\u00e9cor new-yorkais. C\u2019est un excellent point de d\u00e9part pour une soir\u00e9e entre amis.<\/p>\n<p data-start=\"2084\" data-end=\"2397\"><span>Wallstr\u2019Eat \u2013 21 rue G\u00e9n\u00e9ral Farre, Valence<\/span><\/p>\n<p>[\/et_pb_text][\/et_pb_column][\/et_pb_row][\/et_pb_section][et_pb_section fb_built=\u00a0\u00bb1&Prime; admin_label=\u00a0\u00bbContact Info\u00a0\u00bb _builder_version=\u00a0\u00bb4.27.4&Prime; _module_preset=\u00a0\u00bbdefault\u00a0\u00bb background_enable_color=\u00a0\u00bboff\u00a0\u00bb background_image=\u00a0\u00bbhttps:\/\/studyinvalence.tcvalence.fr\/wp-content\/uploads\/2025\/05\/restaurant-scaled.webp\u00a0\u00bb parallax=\u00a0\u00bbon\u00a0\u00bb custom_padding=\u00a0\u00bb6vw|10vw||10vw|false|true\u00a0\u00bb locked=\u00a0\u00bboff\u00a0\u00bb collapsed=\u00a0\u00bbon\u00a0\u00bb global_colors_info=\u00a0\u00bb{}\u00a0\u00bb][et_pb_row _builder_version=\u00a0\u00bb4.27.4&Prime; _module_preset=\u00a0\u00bbdefault\u00a0\u00bb width=\u00a0\u00bb100%\u00a0\u00bb max_width=\u00a0\u00bb1450px\u00a0\u00bb custom_padding=\u00a0\u00bb0px||0px|||\u00a0\u00bb scroll_vertical_motion_enable=\u00a0\u00bbon\u00a0\u00bb scroll_vertical_motion=\u00a0\u00bb0|50|50|100|1|0|-1&Prime; global_colors_info=\u00a0\u00bb{}\u00a0\u00bb][et_pb_column type=\u00a0\u00bb4_4&Prime; _builder_version=\u00a0\u00bb4.24.3&Prime; _module_preset=\u00a0\u00bbdefault\u00a0\u00bb background_color=\u00a0\u00bb#FFFFFF\u00a0\u00bb custom_padding=\u00a0\u00bb6vw|60px|6vw|60px|true|true\u00a0\u00bb custom_padding_tablet=\u00a0\u00bb30px|30px|30px|30px|true|true\u00a0\u00bb custom_padding_phone=\u00a0\u00bb20px|20px|20px|20px|true|true\u00a0\u00bb custom_padding_last_edited=\u00a0\u00bbon|desktop\u00a0\u00bb global_colors_info=\u00a0\u00bb{}\u00a0\u00bb][et_pb_heading title=\u00a0\u00bbDes restos sympas pour tous les go\u00fbts\u00a0\u00bb _builder_version=\u00a0\u00bb4.27.4&Prime; _module_preset=\u00a0\u00bbff72b249-de04-4cfe-b0fd-62ab7b8f378c\u00a0\u00bb title_text_align=\u00a0\u00bbcenter\u00a0\u00bb global_colors_info=\u00a0\u00bb{}\u00a0\u00bb][\/et_pb_heading][et_pb_text _builder_version=\u00a0\u00bb4.27.4&Prime; _module_preset=\u00a0\u00bbdefault\u00a0\u00bb hover_enabled=\u00a0\u00bb0&Prime; global_colors_info=\u00a0\u00bb{}\u00a0\u00bb text_font=\u00a0\u00bbJosefin Sans||||||||\u00a0\u00bb text_font_size=\u00a0\u00bb18px\u00a0\u00bb sticky_enabled=\u00a0\u00bb0&Prime;]<\/p>\n<p data-start=\"309\" data-end=\"525\">Valence regorge de bonnes adresses o\u00f9 bien manger sans se ruiner. Pour les \u00e9tudiants, c\u2019est l\u2019occasion de go\u00fbter \u00e0 la diversit\u00e9 de la cuisine locale et internationale, dans des lieux souvent chaleureux et conviviaux.<\/p>\n<p data-start=\"527\" data-end=\"911\">Envie d\u2019un repas simple et g\u00e9n\u00e9reux ? Direction <strong data-start=\"575\" data-end=\"604\">Le Resto Association Aire<\/strong>, un restaurant associatif parfait pour manger \u00e9quilibr\u00e9 \u00e0 petit prix. Pour un couscous ou un tajine savoureux, <strong data-start=\"716\" data-end=\"731\">Le Familial<\/strong> est une valeur s\u00fbre avec son ambiance chaleureuse. Les amateurs de burgers et de plats brasserie peuvent se retrouver chez <strong data-start=\"855\" data-end=\"872\">Jack and Jill<\/strong>, toujours anim\u00e9 \u00e0 l\u2019heure du d\u00e9jeuner.<\/p>\n<p data-start=\"913\" data-end=\"1264\">Si vous pr\u00e9f\u00e9rez les saveurs d\u2019Asie, testez <strong data-start=\"957\" data-end=\"969\">Sushi Me<\/strong>, qui propose des sushis frais et des plats asiatiques vari\u00e9s \u00e0 des prix abordables. Du c\u00f4t\u00e9 v\u00e9g\u00e9tarien, <strong data-start=\"1074\" data-end=\"1093\">L\u2019\u00c2ne en Ciment<\/strong> m\u00eale cuisine cr\u00e9ative et ambiance bistro dans un cadre artistique. Et pour un repas l\u00e9ger, les tartes et salades maison du <strong data-start=\"1217\" data-end=\"1241\">Li\u00e8vre et l\u2019Escargot<\/strong> font toujours plaisir.<\/p>\n<p>[\/et_pb_text][et_pb_text _builder_version=\u00a0\u00bb4.27.4&Prime; _module_preset=\u00a0\u00bbdefault\u00a0\u00bb hover_enabled=\u00a0\u00bb0&Prime; global_colors_info=\u00a0\u00bb{}\u00a0\u00bb text_font=\u00a0\u00bbJosefin Sans||||||||\u00a0\u00bb text_font_size=\u00a0\u00bb18px\u00a0\u00bb sticky_enabled=\u00a0\u00bb0&Prime; custom_padding=\u00a0\u00bb0px||0px||true|false\u00a0\u00bb custom_margin=\u00a0\u00bb0px||0px||true|false\u00a0\u00bb min_height=\u00a0\u00bb129px\u00a0\u00bb]<\/p>\n<p data-start=\"1266\" data-end=\"1295\"><strong data-start=\"1269\" data-end=\"1293\">Adresses pratiques :<\/strong><\/p>\n<ul>\n<li style=\"list-style-type: none;\">\n<ul data-start=\"1296\" data-end=\"1543\">\n<li data-start=\"1296\" data-end=\"1338\">\n<p data-start=\"1298\" data-end=\"1338\">Le Familial \u2013 39 rue Bouffier, Valence<\/p>\n<\/li>\n<li data-start=\"1339\" data-end=\"1389\">\n<p data-start=\"1341\" data-end=\"1389\">Jack and Jill \u2013 29 avenue Victor Hugo, Valence<\/p>\n<\/li>\n<li data-start=\"1390\" data-end=\"1438\">\n<p data-start=\"1392\" data-end=\"1438\">Sushi Me \u2013 11 rue Madier de Montjau, Valence<\/p>\n<\/li>\n<li data-start=\"1439\" data-end=\"1483\">\n<p data-start=\"1441\" data-end=\"1483\">L\u2019\u00c2ne en Ciment \u2013 15 Grande Rue, Valence<\/p>\n<\/li>\n<li data-start=\"1484\" data-end=\"1543\">\n<p data-start=\"1486\" data-end=\"1543\">Le Li\u00e8vre et l\u2019Escargot \u2013 1 rue de la R\u00e9publique, Valence<\/p>\n<\/li>\n<\/ul>\n<\/li>\n<\/ul>\n<p>[\/et_pb_text][\/et_pb_column][\/et_pb_row][\/et_pb_section][et_pb_section fb_built=\u00a0\u00bb1&Prime; _builder_version=\u00a0\u00bb4.27.4&Prime; _module_preset=\u00a0\u00bbdefault\u00a0\u00bb global_colors_info=\u00a0\u00bb{}\u00a0\u00bb][et_pb_row column_structure=\u00a0\u00bb3_5,2_5&Prime; _builder_version=\u00a0\u00bb4.27.4&Prime; _module_preset=\u00a0\u00bbdefault\u00a0\u00bb global_colors_info=\u00a0\u00bb{}\u00a0\u00bb][et_pb_column type=\u00a0\u00bb3_5&Prime; _builder_version=\u00a0\u00bb4.27.4&Prime; _module_preset=\u00a0\u00bbdefault\u00a0\u00bb global_colors_info=\u00a0\u00bb{}\u00a0\u00bb][et_pb_heading title=\u00a0\u00bbEspaces \u00e9tudiants et lieux cools \u00e0 fr\u00e9quenter\u00a0\u00bb _builder_version=\u00a0\u00bb4.27.4&Prime; _module_preset=\u00a0\u00bbff72b249-de04-4cfe-b0fd-62ab7b8f378c\u00a0\u00bb title_text_align=\u00a0\u00bbleft\u00a0\u00bb global_colors_info=\u00a0\u00bb{}\u00a0\u00bb][\/et_pb_heading][\/et_pb_column][et_pb_column type=\u00a0\u00bb2_5&Prime; _builder_version=\u00a0\u00bb4.27.4&Prime; _module_preset=\u00a0\u00bbdefault\u00a0\u00bb global_colors_info=\u00a0\u00bb{}\u00a0\u00bb][et_pb_image src=\u00a0\u00bbhttps:\/\/studyinvalence.tcvalence.fr\/wp-content\/uploads\/2025\/05\/bibli-scaled.webp\u00a0\u00bb title_text=\u00a0\u00bbbibli\u00a0\u00bb _builder_version=\u00a0\u00bb4.27.4&Prime; _module_preset=\u00a0\u00bbdefault\u00a0\u00bb global_colors_info=\u00a0\u00bb{}\u00a0\u00bb][\/et_pb_image][\/et_pb_column][\/et_pb_row][et_pb_row column_structure=\u00a0\u00bb1_3,2_3&Prime; _builder_version=\u00a0\u00bb4.27.4&Prime; _module_preset=\u00a0\u00bbdefault\u00a0\u00bb global_colors_info=\u00a0\u00bb{}\u00a0\u00bb][et_pb_column type=\u00a0\u00bb1_3&Prime; _builder_version=\u00a0\u00bb4.27.4&Prime; _module_preset=\u00a0\u00bbdefault\u00a0\u00bb global_colors_info=\u00a0\u00bb{}\u00a0\u00bb][et_pb_image src=\u00a0\u00bbhttps:\/\/studyinvalence.tcvalence.fr\/wp-content\/uploads\/2025\/05\/parc.webp\u00a0\u00bb title_text=\u00a0\u00bbparc\u00a0\u00bb _builder_version=\u00a0\u00bb4.27.4&Prime; _module_preset=\u00a0\u00bbdefault\u00a0\u00bb global_colors_info=\u00a0\u00bb{}\u00a0\u00bb][\/et_pb_image][\/et_pb_column][et_pb_column type=\u00a0\u00bb2_3&Prime; _builder_version=\u00a0\u00bb4.27.4&Prime; _module_preset=\u00a0\u00bbdefault\u00a0\u00bb global_colors_info=\u00a0\u00bb{}\u00a0\u00bb][et_pb_text _builder_version=\u00a0\u00bb4.27.4&Prime; _module_preset=\u00a0\u00bbdefault\u00a0\u00bb hover_enabled=\u00a0\u00bb0&Prime; global_colors_info=\u00a0\u00bb{}\u00a0\u00bb custom_padding=\u00a0\u00bb0px||0px||true|false\u00a0\u00bb sticky_enabled=\u00a0\u00bb0&Prime;]<\/p>\n<p><span>\u00c9tudier, c\u2019est aussi prendre le temps de souffler. Valence propose des lieux parfaits pour se poser, r\u00e9viser ou rencontrer d\u2019autres \u00e9tudiants dans un cadre d\u00e9tendu.<\/span><\/p>\n<p><span>Envie de lire ou de travailler dans le calme ? La <strong data-start=\"3093\" data-end=\"3133\">M\u00e9diath\u00e8que Publique Latour-Maubourg<\/strong>, pr\u00e8s du centre-ville, est un lieu spacieux et lumineux avec un espace num\u00e9rique, une salle d\u2019\u00e9tude et un coin presse internationale. En ext\u00e9rieur, les <strong data-start=\"3286\" data-end=\"3318\">Parcs Jouvet et Jean-Perdrix<\/strong> sont parfaits pour lire sous un arbre ou faire un pique-nique entre amis.<\/span><\/p>\n<p data-start=\"3394\" data-end=\"3419\"><strong data-start=\"3396\" data-end=\"3417\">Adresses utiles :<\/strong><\/p>\n<ul>\n<li style=\"list-style-type: none;\">\n<ul data-start=\"3420\" data-end=\"3623\">\n<li data-start=\"3465\" data-end=\"3526\">\n<p data-start=\"3467\" data-end=\"3526\">M\u00e9diath\u00e8que Latour-Maubourg \u2013 13 rue Montplaisir, Valence<\/p>\n<\/li>\n<li data-start=\"3527\" data-end=\"3573\">\n<p data-start=\"3529\" data-end=\"3573\">Parc Jouvet \u2013 Avenue de la Com\u00e8te, Valence<\/p>\n<\/li>\n<li data-start=\"3574\" data-end=\"3623\">\n<p data-start=\"3576\" data-end=\"3623\">Parc Jean-Perdrix \u2013 Avenue de Chabeuil, Valence<\/p>\n<\/li>\n<\/ul>\n<\/li>\n<\/ul>\n<p>[\/et_pb_text][et_pb_button button_text=\u00a0\u00bbM\u00e9diath\u00e8ques de Valence\u00a0\u00bb _builder_version=\u00a0\u00bb4.27.4&Prime; _module_preset=\u00a0\u00bbd3933434-235f-447e-bc6e-fd5397265b34&Prime; button_url=\u00a0\u00bbhttps:\/\/mediatheques.valenceromansagglo.fr\u00a0\u00bb hover_enabled=\u00a0\u00bb0&Prime; sticky_enabled=\u00a0\u00bb0&Prime;][\/et_pb_button][\/et_pb_column][\/et_pb_row][\/et_pb_section]<\/p>\n","protected":false},"excerpt":{"rendered":"<p>Valence est une ville \u00e0 taille humaine, vivante et pleine de bonnes surprises. Cette page te guidera \u00e0 travers les meilleurs bars pour sortir, les restaurants sympas pour bien manger sans se ruiner, et les lieux parfaits pour te poser, r\u00e9viser ou te d\u00e9tendre. Suis le guide et d\u00e9couvre les endroits incontournables o\u00f9 se retrouve [&hellip;]<\/p>\n","protected":false},"author":1,"featured_media":0,"parent":0,"menu_order":0,"comment_status":"closed","ping_status":"closed","template":"","meta":{"_et_pb_use_builder":"on","_et_pb_old_content":"","_et_gb_content_width":"","footnotes":""},"class_list":["post-204","page","type-page","status-publish","hentry"],"yoast_head":"<!-- This site is optimized with the Yoast SEO plugin v25.2 - https:\/\/yoast.com\/wordpress\/plugins\/seo\/ -->\n<title>Adresses incontournables - Study In Valence<\/title>\n<meta name=\"robots\" content=\"index, follow, max-snippet:-1, max-image-preview:large, max-video-preview:-1\" \/>\n<link rel=\"canonical\" href=\"https:\/\/studyinvalence.tcvalence.fr\/?page_id=204\" \/>\n<meta property=\"og:locale\" content=\"fr_FR\" \/>\n<meta property=\"og:type\" content=\"article\" \/>\n<meta property=\"og:title\" content=\"Adresses incontournables - Study In Valence\" \/>\n<meta property=\"og:description\" content=\"Valence est une ville \u00e0 taille humaine, vivante et pleine de bonnes surprises. Cette page te guidera \u00e0 travers les meilleurs bars pour sortir, les restaurants sympas pour bien manger sans se ruiner, et les lieux parfaits pour te poser, r\u00e9viser ou te d\u00e9tendre. Suis le guide et d\u00e9couvre les endroits incontournables o\u00f9 se retrouve [&hellip;]\" \/>\n<meta property=\"og:url\" content=\"https:\/\/studyinvalence.tcvalence.fr\/?page_id=204\" \/>\n<meta property=\"og:site_name\" content=\"Study In Valence\" \/>\n<meta property=\"article:modified_time\" content=\"2025-05-23T15:56:07+00:00\" \/>\n<meta name=\"twitter:card\" content=\"summary_large_image\" \/>\n<script type=\"application\/ld+json\" class=\"yoast-schema-graph\">{\"@context\":\"https:\/\/schema.org\",\"@graph\":[{\"@type\":\"WebPage\",\"@id\":\"https:\/\/studyinvalence.tcvalence.fr\/?page_id=204\",\"url\":\"https:\/\/studyinvalence.tcvalence.fr\/?page_id=204\",\"name\":\"Adresses incontournables - Study In Valence\",\"isPartOf\":{\"@id\":\"https:\/\/studyinvalence.tcvalence.fr\/#website\"},\"datePublished\":\"2025-05-23T06:44:40+00:00\",\"dateModified\":\"2025-05-23T15:56:07+00:00\",\"breadcrumb\":{\"@id\":\"https:\/\/studyinvalence.tcvalence.fr\/?page_id=204#breadcrumb\"},\"inLanguage\":\"fr-FR\",\"potentialAction\":[{\"@type\":\"ReadAction\",\"target\":[\"https:\/\/studyinvalence.tcvalence.fr\/?page_id=204\"]}]},{\"@type\":\"BreadcrumbList\",\"@id\":\"https:\/\/studyinvalence.tcvalence.fr\/?page_id=204#breadcrumb\",\"itemListElement\":[{\"@type\":\"ListItem\",\"position\":1,\"name\":\"Accueil\",\"item\":\"https:\/\/studyinvalence.tcvalence.fr\/\"},{\"@type\":\"ListItem\",\"position\":2,\"name\":\"Adresses incontournables\"}]},{\"@type\":\"WebSite\",\"@id\":\"https:\/\/studyinvalence.tcvalence.fr\/#website\",\"url\":\"https:\/\/studyinvalence.tcvalence.fr\/\",\"name\":\"Study In Valence\",\"description\":\"\",\"potentialAction\":[{\"@type\":\"SearchAction\",\"target\":{\"@type\":\"EntryPoint\",\"urlTemplate\":\"https:\/\/studyinvalence.tcvalence.fr\/?s={search_term_string}\"},\"query-input\":{\"@type\":\"PropertyValueSpecification\",\"valueRequired\":true,\"valueName\":\"search_term_string\"}}],\"inLanguage\":\"fr-FR\"}]}<\/script>\n<!-- \/ Yoast SEO plugin. -->","yoast_head_json":{"title":"Adresses incontournables - Study In Valence","robots":{"index":"index","follow":"follow","max-snippet":"max-snippet:-1","max-image-preview":"max-image-preview:large","max-video-preview":"max-video-preview:-1"},"canonical":"https:\/\/studyinvalence.tcvalence.fr\/?page_id=204","og_locale":"fr_FR","og_type":"article","og_title":"Adresses incontournables - Study In Valence","og_description":"Valence est une ville \u00e0 taille humaine, vivante et pleine de bonnes surprises. Cette page te guidera \u00e0 travers les meilleurs bars pour sortir, les restaurants sympas pour bien manger sans se ruiner, et les lieux parfaits pour te poser, r\u00e9viser ou te d\u00e9tendre. Suis le guide et d\u00e9couvre les endroits incontournables o\u00f9 se retrouve [&hellip;]","og_url":"https:\/\/studyinvalence.tcvalence.fr\/?page_id=204","og_site_name":"Study In Valence","article_modified_time":"2025-05-23T15:56:07+00:00","twitter_card":"summary_large_image","schema":{"@context":"https:\/\/schema.org","@graph":[{"@type":"WebPage","@id":"https:\/\/studyinvalence.tcvalence.fr\/?page_id=204","url":"https:\/\/studyinvalence.tcvalence.fr\/?page_id=204","name":"Adresses incontournables - Study In Valence","isPartOf":{"@id":"https:\/\/studyinvalence.tcvalence.fr\/#website"},"datePublished":"2025-05-23T06:44:40+00:00","dateModified":"2025-05-23T15:56:07+00:00","breadcrumb":{"@id":"https:\/\/studyinvalence.tcvalence.fr\/?page_id=204#breadcrumb"},"inLanguage":"fr-FR","potentialAction":[{"@type":"ReadAction","target":["https:\/\/studyinvalence.tcvalence.fr\/?page_id=204"]}]},{"@type":"BreadcrumbList","@id":"https:\/\/studyinvalence.tcvalence.fr\/?page_id=204#breadcrumb","itemListElement":[{"@type":"ListItem","position":1,"name":"Accueil","item":"https:\/\/studyinvalence.tcvalence.fr\/"},{"@type":"ListItem","position":2,"name":"Adresses incontournables"}]},{"@type":"WebSite","@id":"https:\/\/studyinvalence.tcvalence.fr\/#website","url":"https:\/\/studyinvalence.tcvalence.fr\/","name":"Study In Valence","description":"","potentialAction":[{"@type":"SearchAction","target":{"@type":"EntryPoint","urlTemplate":"https:\/\/studyinvalence.tcvalence.fr\/?s={search_term_string}"},"query-input":{"@type":"PropertyValueSpecification","valueRequired":true,"valueName":"search_term_string"}}],"inLanguage":"fr-FR"}]}},"_links":{"self":[{"href":"https:\/\/studyinvalence.tcvalence.fr\/index.php?rest_route=\/wp\/v2\/pages\/204","targetHints":{"allow":["GET"]}}],"collection":[{"href":"https:\/\/studyinvalence.tcvalence.fr\/index.php?rest_route=\/wp\/v2\/pages"}],"about":[{"href":"https:\/\/studyinvalence.tcvalence.fr\/index.php?rest_route=\/wp\/v2\/types\/page"}],"author":[{"embeddable":true,"href":"https:\/\/studyinvalence.tcvalence.fr\/index.php?rest_route=\/wp\/v2\/users\/1"}],"replies":[{"embeddable":true,"href":"https:\/\/studyinvalence.tcvalence.fr\/index.php?rest_route=%2Fwp%2Fv2%2Fcomments&post=204"}],"version-history":[{"count":9,"href":"https:\/\/studyinvalence.tcvalence.fr\/index.php?rest_route=\/wp\/v2\/pages\/204\/revisions"}],"predecessor-version":[{"id":294,"href":"https:\/\/studyinvalence.tcvalence.fr\/index.php?rest_route=\/wp\/v2\/pages\/204\/revisions\/294"}],"wp:attachment":[{"href":"https:\/\/studyinvalence.tcvalence.fr\/index.php?rest_route=%2Fwp%2Fv2%2Fmedia&parent=204"}],"curies":[{"name":"wp","href":"https:\/\/api.w.org\/{rel}","templated":true}]}}