{"id":42,"date":"2025-05-06T12:38:37","date_gmt":"2025-05-06T12:38:37","guid":{"rendered":"https:\/\/studyinvalence.tcvalence.fr\/?page_id=42"},"modified":"2025-05-23T16:01:53","modified_gmt":"2025-05-23T16:01:53","slug":"42-2","status":"publish","type":"page","link":"https:\/\/studyinvalence.tcvalence.fr\/?page_id=42","title":{"rendered":"T\u00e9moignage"},"content":{"rendered":"<p>[et_pb_section fb_built=\u00a0\u00bb1&Prime; admin_label=\u00a0\u00bbHeader\u00a0\u00bb _builder_version=\u00a0\u00bb4.24.3&Prime; _module_preset=\u00a0\u00bbdefault\u00a0\u00bb custom_padding=\u00a0\u00bb||3px|||\u00a0\u00bb collapsed=\u00a0\u00bbon\u00a0\u00bb global_colors_info=\u00a0\u00bb{}\u00a0\u00bb][et_pb_row _builder_version=\u00a0\u00bb4.24.3&Prime; _module_preset=\u00a0\u00bbdefault\u00a0\u00bb max_width=\u00a0\u00bbnone\u00a0\u00bb global_colors_info=\u00a0\u00bb{}\u00a0\u00bb][et_pb_column type=\u00a0\u00bb4_4&Prime; _builder_version=\u00a0\u00bb4.24.3&Prime; _module_preset=\u00a0\u00bbdefault\u00a0\u00bb global_colors_info=\u00a0\u00bb{}\u00a0\u00bb][et_pb_heading title=\u00a0\u00bbT\u00e9moignages d\u2019\u00e9tudiants internationaux \u00e0 Valence\u00a0\u00bb _builder_version=\u00a0\u00bb4.27.4&Prime; _module_preset=\u00a0\u00bbb174836e-66e2-4d43-be0c-5df5259e2283&Prime; max_width=\u00a0\u00bb1080%\u00a0\u00bb global_colors_info=\u00a0\u00bb{}\u00a0\u00bb][\/et_pb_heading][et_pb_text _builder_version=\u00a0\u00bb4.27.4&Prime; _module_preset=\u00a0\u00bb16005a67-8bb0-4838-81ea-490b9b6fcddf\u00a0\u00bb max_width=\u00a0\u00bb1080px\u00a0\u00bb hover_enabled=\u00a0\u00bb0&Prime; global_colors_info=\u00a0\u00bb{}\u00a0\u00bb text_font_size=\u00a0\u00bb20px\u00a0\u00bb sticky_enabled=\u00a0\u00bb0&Prime;]<\/p>\n<p>D\u00e9couvrir Valence \u00e0 travers les yeux de ceux qui y ont \u00e9tudi\u00e9, c\u2019est entrer dans le quotidien d\u2019une ville accueillante et d\u2019un campus \u00e0 taille humaine. Dans cette page, des \u00e9tudiants internationaux partagent leur exp\u00e9rience : leur arriv\u00e9e, leurs \u00e9tudes \u00e0 l\u2019IUT de Valence, leurs rencontres et leurs d\u00e9couvertes. Leurs t\u00e9moignages, sinc\u00e8res et vari\u00e9s, illustrent ce que signifie vraiment vivre et \u00e9tudier \u00e0 Valence.<\/p>\n<p>[\/et_pb_text][\/et_pb_column][\/et_pb_row][\/et_pb_section][et_pb_section fb_built=\u00a0\u00bb1&Prime; admin_label=\u00a0\u00bbAbout\u00a0\u00bb _builder_version=\u00a0\u00bb4.24.3&Prime; _module_preset=\u00a0\u00bbdefault\u00a0\u00bb custom_padding=\u00a0\u00bb0px|||||\u00a0\u00bb collapsed=\u00a0\u00bbon\u00a0\u00bb global_colors_info=\u00a0\u00bb{}\u00a0\u00bb][et_pb_row column_structure=\u00a0\u00bb2_5,3_5&Prime; _builder_version=\u00a0\u00bb4.24.3&Prime; _module_preset=\u00a0\u00bbdefault\u00a0\u00bb max_width=\u00a0\u00bbnone\u00a0\u00bb global_colors_info=\u00a0\u00bb{}\u00a0\u00bb][et_pb_column type=\u00a0\u00bb2_5&Prime; _builder_version=\u00a0\u00bb4.24.3&Prime; _module_preset=\u00a0\u00bbdefault\u00a0\u00bb global_colors_info=\u00a0\u00bb{}\u00a0\u00bb][et_pb_heading title=\u00a0\u00bbT\u00e9moignage d&rsquo;un \u00e9tudiant de l&rsquo;IUT\u00a0\u00bb _builder_version=\u00a0\u00bb4.27.4&Prime; _module_preset=\u00a0\u00bb44acf7fd-5823-4fda-8bbb-0de43b7ed4d3&Prime; locked=\u00a0\u00bboff\u00a0\u00bb global_colors_info=\u00a0\u00bb{}\u00a0\u00bb][\/et_pb_heading][et_pb_image src=\u00a0\u00bbhttps:\/\/studyinvalence.tcvalence.fr\/wp-content\/uploads\/2025\/05\/Vue-generale.webp\u00a0\u00bb title_text=\u00a0\u00bbVue-g\u00e9n\u00e9rale\u00a0\u00bb _builder_version=\u00a0\u00bb4.27.4&Prime; _module_preset=\u00a0\u00bbdefault\u00a0\u00bb global_colors_info=\u00a0\u00bb{}\u00a0\u00bb][\/et_pb_image][\/et_pb_column][et_pb_column type=\u00a0\u00bb3_5&Prime; _builder_version=\u00a0\u00bb4.24.3&Prime; _module_preset=\u00a0\u00bbdefault\u00a0\u00bb global_colors_info=\u00a0\u00bb{}\u00a0\u00bb][et_pb_image src=\u00a0\u00bbhttps:\/\/studyinvalence.tcvalence.fr\/wp-content\/uploads\/2025\/05\/Bat-B.webp\u00a0\u00bb title_text=\u00a0\u00bbBat-B\u00a0\u00bb _builder_version=\u00a0\u00bb4.27.4&Prime; _module_preset=\u00a0\u00bbdefault\u00a0\u00bb global_colors_info=\u00a0\u00bb{}\u00a0\u00bb][\/et_pb_image][et_pb_text _builder_version=\u00a0\u00bb4.27.4&Prime; _module_preset=\u00a0\u00bbdefault\u00a0\u00bb global_colors_info=\u00a0\u00bb{}\u00a0\u00bb]<\/p>\n<p><strong>Quelles d\u00e9marches avez-vous fait pour venir \u00e0 Valence ?\u00a0<\/strong><\/p>\n<p><span style=\"font-weight: 400;\">J\u2019ai eu la chance d\u2019avoir une bonne coordinatrice internationale en Irlande qui m\u2019a mis en contact avec Christelle Lamaud, notre coordinatrice en France. Elle s\u2019est occup\u00e9e de l\u2019organisation des cours et des activit\u00e9s que nous allions faire. J\u2019avais aussi travaill\u00e9 beaucoup d\u2019heures suppl\u00e9mentaires avant de partir en Erasmus et j\u2019ai arr\u00eat\u00e9 le football pour \u00e9conomiser de l\u2019argent pour ce voyage. Ce sont les principales d\u00e9marches que j\u2019ai faites.<\/span><\/p>\n<p><span style=\"font-weight: 400;\"><strong>Quels sont les points positifs de votre \u00e9change ?<\/strong>\u00a0<\/span><\/p>\n<p><span style=\"font-weight: 400;\">Il y a eu beaucoup d\u2019aspects positifs durant mon \u00e9change, comme le fait de me faire beaucoup de nouveaux amis et de cr\u00e9er des liens pr\u00e9cieux avec des personnes. Tellement que j\u2019ai encore beaucoup d\u2019amis en France aujourd\u2019hui. J\u2019ai aussi rejoint le club Valence FC pour jouer au football pendant un an, et j\u2019ai v\u00e9cu une saison tr\u00e8s r\u00e9ussie. J\u2019ai appris plein de nouvelles comp\u00e9tences, comme am\u00e9liorer mon fran\u00e7ais, apprendre \u00e0 skier, et bien plus encore, donc je suis extr\u00eamement reconnaissant.<\/span><\/p>\n<p><span style=\"font-weight: 400;\"><strong>Quels conseils auriez-vous \u00e0 donner \u00e0 quelqu&rsquo;un qui souhaite \u00e9tudier \u00e0 l\u2019etranger ?<\/strong>\u00a0<\/span><\/p>\n<p><span style=\"font-weight: 400;\">Je dirais qu\u2019il faut vraiment sortir de sa zone de confort, parce qu\u2019on n\u2019apprend pas grand-chose si on reste dans sa bulle. Pour moi, mon Erasmus a \u00e9t\u00e9 une exp\u00e9rience qui a chang\u00e9 ma vie, et je souhaite que d\u2019autres puissent vivre la m\u00eame chose. Il faut oser faire des choses qu\u2019on ne ferait pas normalement chez soi, car on se cr\u00e9e alors des souvenirs pr\u00e9cieux avec des gens formidables.<\/span><\/p>\n<p><strong>Qu&rsquo;est-ce que votre \u00e9change vous a apport\u00e9 ?<\/strong><\/p>\n<p><span style=\"font-weight: 400;\">Mon \u00e9change m\u2019a apport\u00e9 beaucoup de choses, notamment un regard diff\u00e9rent sur la vie en g\u00e9n\u00e9ral. J\u2019ai d\u00e9sormais envie de voyager beaucoup plus et de d\u00e9couvrir le monde tr\u00e8s bient\u00f4t. J\u2019ai aussi une bien meilleure compr\u00e9hension de la langue fran\u00e7aise. Globalement, je suis tr\u00e8s reconnaissant d\u2019avoir eu l\u2019opportunit\u00e9 de faire un programme Erasmus \u00e0 l\u2019IUT.<\/span><\/p>\n<p>[\/et_pb_text][\/et_pb_column][\/et_pb_row][\/et_pb_section][et_pb_section fb_built=\u00a0\u00bb1&Prime; _builder_version=\u00a0\u00bb4.27.4&Prime; _module_preset=\u00a0\u00bbdefault\u00a0\u00bb background_image=\u00a0\u00bbhttps:\/\/studyinvalence.tcvalence.fr\/wp-content\/uploads\/2025\/05\/Centre-de-vie-2.webp\u00a0\u00bb global_colors_info=\u00a0\u00bb{}\u00a0\u00bb][et_pb_row _builder_version=\u00a0\u00bb4.27.4&Prime; _module_preset=\u00a0\u00bbdefault\u00a0\u00bb background_color=\u00a0\u00bb#ffffff\u00a0\u00bb custom_padding=\u00a0\u00bb40px|40px|40px|40px|true|true\u00a0\u00bb global_colors_info=\u00a0\u00bb{}\u00a0\u00bb][et_pb_column type=\u00a0\u00bb4_4&Prime; _builder_version=\u00a0\u00bb4.27.4&Prime; _module_preset=\u00a0\u00bbdefault\u00a0\u00bb global_colors_info=\u00a0\u00bb{}\u00a0\u00bb][et_pb_heading title=\u00a0\u00bbT\u00e9moignage d&rsquo;une professeur de l&rsquo;IUT\u00a0\u00bb _builder_version=\u00a0\u00bb4.27.4&Prime; _module_preset=\u00a0\u00bb44acf7fd-5823-4fda-8bbb-0de43b7ed4d3&Prime; locked=\u00a0\u00bboff\u00a0\u00bb global_colors_info=\u00a0\u00bb{}\u00a0\u00bb][\/et_pb_heading][et_pb_toggle title=\u00a0\u00bbQuels retours recevez-vous g\u00e9n\u00e9ralement de la part des \u00e9tudiants \u00e9trangers apr\u00e8s leur s\u00e9jour ici ?\u00a0\u00bb _builder_version=\u00a0\u00bb4.27.4&Prime; _module_preset=\u00a0\u00bbdefault\u00a0\u00bb background_color=\u00a0\u00bb#FFFFFF\u00a0\u00bb hover_enabled=\u00a0\u00bb0&Prime; global_colors_info=\u00a0\u00bb{}\u00a0\u00bb title_font=\u00a0\u00bbJosefin Sans||||||||\u00a0\u00bb title_font_size=\u00a0\u00bb18px\u00a0\u00bb closed_title_font=\u00a0\u00bbJosefin Sans||||||||\u00a0\u00bb closed_title_font_size=\u00a0\u00bb18px\u00a0\u00bb body_font=\u00a0\u00bbJosefin Sans||||||||\u00a0\u00bb body_font_size=\u00a0\u00bb16px\u00a0\u00bb sticky_enabled=\u00a0\u00bb0&Prime;]<\/p>\n<p><span>Les retours sont plut\u00f4t positifs, notamment pour l&rsquo;accompagnement offert par le service des Relations Internationales. Apr\u00e8s, les \u00e9tudiants sont souvent surpris par notre syst\u00e8me fran\u00e7ais, avec des cours obligatoires et des emplois du temps qui varient souvent.<\/span><\/p>\n<p>[\/et_pb_toggle][et_pb_toggle title=\u00a0\u00bbQu\u2019est-ce qui vous pla\u00eet personnellement dans le fait d\u2019accompagner des \u00e9tudiants venus du monde entier ?\u00a0\u00bb _builder_version=\u00a0\u00bb4.27.4&Prime; _module_preset=\u00a0\u00bbdefault\u00a0\u00bb background_color=\u00a0\u00bb#FFFFFF\u00a0\u00bb hover_enabled=\u00a0\u00bb0&Prime; global_colors_info=\u00a0\u00bb{}\u00a0\u00bb title_font=\u00a0\u00bbJosefin Sans||||||||\u00a0\u00bb title_font_size=\u00a0\u00bb18px\u00a0\u00bb closed_title_font=\u00a0\u00bbJosefin Sans||||||||\u00a0\u00bb closed_title_font_size=\u00a0\u00bb18px\u00a0\u00bb body_font=\u00a0\u00bbJosefin Sans||||||||\u00a0\u00bb body_font_size=\u00a0\u00bb16px\u00a0\u00bb sticky_enabled=\u00a0\u00bb0&Prime;]<\/p>\n<p><span>Le service des Relations Internationales a une double vocation: accueillir les \u00e9tudiants internationaux et accompagner les \u00e9tudiants (et les enseignants) fran\u00e7ais \u00e0 partir \u00e0 l&rsquo;\u00e9tranger. Ces deux facettes sont extr\u00eamement int\u00e9ressantes. Concernant les \u00e9tudiants qui viennent \u00e0 Valence, on sait que cette exp\u00e9rience Erasmus les marquera \u00e0 jamais et que m\u00eame 10 ou 20 ans plus tard, ils s&rsquo;en rappeleront toujours. On essaie alors de faire au mieux pour que cette exp\u00e9rience soit la plus positive possible.\u00a0<\/span><\/p>\n<p>[\/et_pb_toggle][et_pb_toggle title=\u00a0\u00bbAvez-vous un souvenir ou une anecdote marquante li\u00e9e \u00e0 un \u00e9change international ?\u00a0\u00bb _builder_version=\u00a0\u00bb4.27.4&Prime; _module_preset=\u00a0\u00bbdefault\u00a0\u00bb background_color=\u00a0\u00bb#FFFFFF\u00a0\u00bb hover_enabled=\u00a0\u00bb0&Prime; global_colors_info=\u00a0\u00bb{}\u00a0\u00bb title_font=\u00a0\u00bbJosefin Sans||||||||\u00a0\u00bb title_font_size=\u00a0\u00bb18px\u00a0\u00bb closed_title_font=\u00a0\u00bbJosefin Sans||||||||\u00a0\u00bb closed_title_font_size=\u00a0\u00bb18px\u00a0\u00bb body_font=\u00a0\u00bbJosefin Sans||||||||\u00a0\u00bb body_font_size=\u00a0\u00bb16px\u00a0\u00bb sticky_enabled=\u00a0\u00bb0&Prime;]<\/p>\n<div>Une \u00e9tudiante qui pleure en fin d&rsquo;ann\u00e9e car elle est triste que son Erasmus se termine&#8230;<\/div>\n<div><\/div>\n<div>Apr\u00e8s le d\u00e9part d&rsquo;un \u00e9tudiant irlandais, j&rsquo;ai d\u00fb passer plus d&rsquo;un mois \u00e0 \u00e9changer avec lui, \u00e0 aller \u00e0 la poste, \u00e0 son ancien appartement, pour partir \u00e0 la recherche d&rsquo;un colis qu&rsquo;il s&rsquo;\u00e9tait envoy\u00e9 et qui n&rsquo;avait pas pass\u00e9 la douane. On l&rsquo;a \u00ab\u00a0traqu\u00e9\u00a0\u00bb en le ratant \u00e0 chaque fois de peu, pour finalement, au bout de pr\u00e8s de 3 semaines de recherches, le r\u00e9cup\u00e9rer pour pouvoir enfin le lui retourner en Irlande.<\/div>\n<p>[\/et_pb_toggle][et_pb_toggle title=\u00a0\u00bbEn quoi pensez-vous que cette exp\u00e9rience est enrichissante pour les \u00e9tudiants \u00e9trangers\u2026 et aussi pour les \u00e9tudiants fran\u00e7ais ?\u00a0\u00bb _builder_version=\u00a0\u00bb4.27.4&Prime; _module_preset=\u00a0\u00bbdefault\u00a0\u00bb background_color=\u00a0\u00bb#FFFFFF\u00a0\u00bb hover_enabled=\u00a0\u00bb0&Prime; global_colors_info=\u00a0\u00bb{}\u00a0\u00bb title_font=\u00a0\u00bbJosefin Sans||||||||\u00a0\u00bb title_font_size=\u00a0\u00bb18px\u00a0\u00bb closed_title_font=\u00a0\u00bbJosefin Sans||||||||\u00a0\u00bb closed_title_font_size=\u00a0\u00bb18px\u00a0\u00bb body_font=\u00a0\u00bbJosefin Sans||||||||\u00a0\u00bb body_font_size=\u00a0\u00bb16px\u00a0\u00bb sticky_enabled=\u00a0\u00bb0&Prime;]<\/p>\n<div>D\u00e9couverte d&rsquo;une nouvelle culture, d&rsquo;une nouvelle fa\u00e7on d&rsquo;enseigner. Rencontre de personnes que l&rsquo;on n&rsquo;aurait jamais rencontr\u00e9 sinon.<\/div>\n<div>Pour les fran\u00e7ais, c&rsquo;est permettre une dimension interculturelle tout en restant chez soi. Pour ceux qui partiront en \u00e9change plus tard, c&rsquo;est l&rsquo;occasion de rencontrer des \u00e9tudiants qui vivent maintenant ce qu&rsquo;ils vivront l&rsquo;ann\u00e9e d&rsquo;apr\u00e8s.<\/div>\n<p>[\/et_pb_toggle][et_pb_toggle title=\u00a0\u00bbPourquoi recommanderiez-vous personnellement Valence comme destination d\u2019\u00e9change universitaire ?\u00a0\u00bb _builder_version=\u00a0\u00bb4.27.4&Prime; _module_preset=\u00a0\u00bbdefault\u00a0\u00bb background_color=\u00a0\u00bb#FFFFFF\u00a0\u00bb hover_enabled=\u00a0\u00bb0&Prime; global_colors_info=\u00a0\u00bb{}\u00a0\u00bb title_font=\u00a0\u00bbJosefin Sans||||||||\u00a0\u00bb title_font_size=\u00a0\u00bb18px\u00a0\u00bb closed_title_font=\u00a0\u00bbJosefin Sans||||||||\u00a0\u00bb closed_title_font_size=\u00a0\u00bb18px\u00a0\u00bb body_font=\u00a0\u00bbJosefin Sans||||||||\u00a0\u00bb body_font_size=\u00a0\u00bb16px\u00a0\u00bb sticky_enabled=\u00a0\u00bb0&Prime;]<\/p>\n<div>Ville \u00e0 taille humaine: on peut tout y faire \u00e0 pied ou \u00e0 v\u00e9lo et heureusement vu que les bus s&rsquo;arr\u00eatent t\u00f4t le soir \ud83d\ude09<\/div>\n<div>Proche de tout avec le train: Lyon, Marseille, Paris. Les montagnes pas loin pour le ski et la rando&#8230;<\/div>\n<div>Accueil personnalis\u00e9 par le service des Relations Internationales : ils sont peu d&rsquo;\u00e9tudiants alors on est toujours disponibles pour eux.<\/div>\n<div>Cours avec des \u00e9tudiants fran\u00e7ais. Dans d&rsquo;autres facs, les \u00e9tudiants \u00e9trangers sont entre eux et pas au contact des \u00e9tudiants fran\u00e7ais.<\/div>\n<div>BDE tr\u00e8s actif. M\u00eame s&rsquo;il n&rsquo;y a pas d&rsquo;association pour les \u00e9trangers, le BDE peut jouer le m\u00eame r\u00f4le, pour leur permettre de rencontrer de nouvelles personnes.<\/div>\n<p>[\/et_pb_toggle][\/et_pb_column][\/et_pb_row][\/et_pb_section][et_pb_section fb_built=\u00a0\u00bb1&Prime; _builder_version=\u00a0\u00bb4.27.4&Prime; _module_preset=\u00a0\u00bbdefault\u00a0\u00bb global_colors_info=\u00a0\u00bb{}\u00a0\u00bb][et_pb_row column_structure=\u00a0\u00bb1_3,2_3&Prime; _builder_version=\u00a0\u00bb4.27.4&Prime; _module_preset=\u00a0\u00bbdefault\u00a0\u00bb global_colors_info=\u00a0\u00bb{}\u00a0\u00bb][et_pb_column type=\u00a0\u00bb1_3&Prime; _builder_version=\u00a0\u00bb4.27.4&Prime; _module_preset=\u00a0\u00bbdefault\u00a0\u00bb global_colors_info=\u00a0\u00bb{}\u00a0\u00bb][et_pb_heading title=\u00a0\u00bbD\u00e9couvrez d&rsquo;autres retours\u00a0\u00bb _builder_version=\u00a0\u00bb4.27.4&Prime; _module_preset=\u00a0\u00bb44acf7fd-5823-4fda-8bbb-0de43b7ed4d3&Prime; locked=\u00a0\u00bboff\u00a0\u00bb global_colors_info=\u00a0\u00bb{}\u00a0\u00bb][\/et_pb_heading][\/et_pb_column][et_pb_column type=\u00a0\u00bb2_3&Prime; _builder_version=\u00a0\u00bb4.27.4&Prime; _module_preset=\u00a0\u00bbdefault\u00a0\u00bb global_colors_info=\u00a0\u00bb{}\u00a0\u00bb][et_pb_video src=\u00a0\u00bbhttps:\/\/youtu.be\/JWsg24eVMqo?list=PLhyS57VV7_nk6gaholAc053CGieDMONz0&Prime; _builder_version=\u00a0\u00bb4.27.4&Prime; _module_preset=\u00a0\u00bbdefault\u00a0\u00bb global_colors_info=\u00a0\u00bb{}\u00a0\u00bb][\/et_pb_video][\/et_pb_column][\/et_pb_row][et_pb_row _builder_version=\u00a0\u00bb4.27.4&Prime; _module_preset=\u00a0\u00bbdefault\u00a0\u00bb global_colors_info=\u00a0\u00bb{}\u00a0\u00bb][et_pb_column type=\u00a0\u00bb4_4&Prime; _builder_version=\u00a0\u00bb4.27.4&Prime; _module_preset=\u00a0\u00bbdefault\u00a0\u00bb global_colors_info=\u00a0\u00bb{}\u00a0\u00bb][et_pb_text _builder_version=\u00a0\u00bb4.27.4&Prime; _module_preset=\u00a0\u00bbdefault\u00a0\u00bb custom_padding=\u00a0\u00bb||3px|||\u00a0\u00bb hover_enabled=\u00a0\u00bb0&Prime; global_colors_info=\u00a0\u00bb{}\u00a0\u00bb sticky_enabled=\u00a0\u00bb0&Prime;]<\/p>\n<p style=\"text-align: center;\"><strong>Liens vers des blogs d&rsquo;\u00e9tudiants internationaux \u00e0 Valence :<\/strong><a href=\"https:\/\/paulinerozenberga.wixsite.com\/website\"><span style=\"font-weight: 400;\"><\/span><\/a><\/p>\n<p>[\/et_pb_text][\/et_pb_column][\/et_pb_row][et_pb_row column_structure=\u00a0\u00bb1_2,1_2&Prime; _builder_version=\u00a0\u00bb4.27.4&Prime; _module_preset=\u00a0\u00bbdefault\u00a0\u00bb custom_padding=\u00a0\u00bb7px|||||\u00a0\u00bb global_colors_info=\u00a0\u00bb{}\u00a0\u00bb][et_pb_column type=\u00a0\u00bb1_2&Prime; _builder_version=\u00a0\u00bb4.27.4&Prime; _module_preset=\u00a0\u00bbdefault\u00a0\u00bb global_colors_info=\u00a0\u00bb{}\u00a0\u00bb][et_pb_text _builder_version=\u00a0\u00bb4.27.4&Prime; _module_preset=\u00a0\u00bbdefault\u00a0\u00bb global_colors_info=\u00a0\u00bb{}\u00a0\u00bb]<\/p>\n<p><span style=\"font-weight: 400;\">&gt; Tja\u0161a, Slovenia<\/span><\/p>\n<p><a href=\"https:\/\/tjasaspenko.wixsite.com\/website\"><span style=\"font-weight: 400;\">https:\/\/tjasaspenko.wixsite.com\/website<\/span><\/a><\/p>\n<p>[\/et_pb_text][\/et_pb_column][et_pb_column type=\u00a0\u00bb1_2&Prime; _builder_version=\u00a0\u00bb4.27.4&Prime; _module_preset=\u00a0\u00bbdefault\u00a0\u00bb global_colors_info=\u00a0\u00bb{}\u00a0\u00bb][et_pb_text _builder_version=\u00a0\u00bb4.27.4&Prime; _module_preset=\u00a0\u00bbdefault\u00a0\u00bb global_colors_info=\u00a0\u00bb{}\u00a0\u00bb]<\/p>\n<p><span style=\"font-weight: 400;\">&gt; Pauline, Lettonia<\/span><\/p>\n<p><a href=\"https:\/\/paulinerozenberga.wixsite.com\/website\"><span style=\"font-weight: 400;\">https:\/\/paulinerozenberga.wixsite.com\/website<\/span><\/a><\/p>\n<p>[\/et_pb_text][\/et_pb_column][\/et_pb_row][\/et_pb_section]<\/p>\n","protected":false},"excerpt":{"rendered":"<p>D\u00e9couvrir Valence \u00e0 travers les yeux de ceux qui y ont \u00e9tudi\u00e9, c\u2019est entrer dans le quotidien d\u2019une ville accueillante et d\u2019un campus \u00e0 taille humaine. Dans cette page, des \u00e9tudiants internationaux partagent leur exp\u00e9rience : leur arriv\u00e9e, leurs \u00e9tudes \u00e0 l\u2019IUT de Valence, leurs rencontres et leurs d\u00e9couvertes. Leurs t\u00e9moignages, sinc\u00e8res et vari\u00e9s, illustrent [&hellip;]<\/p>\n","protected":false},"author":1,"featured_media":0,"parent":0,"menu_order":0,"comment_status":"closed","ping_status":"closed","template":"","meta":{"_et_pb_use_builder":"on","_et_pb_old_content":"","_et_gb_content_width":"","footnotes":""},"class_list":["post-42","page","type-page","status-publish","hentry"],"yoast_head":"<!-- This site is optimized with the Yoast SEO plugin v25.2 - https:\/\/yoast.com\/wordpress\/plugins\/seo\/ -->\n<title>T\u00e9moignage - Study In Valence<\/title>\n<meta name=\"robots\" content=\"index, follow, max-snippet:-1, max-image-preview:large, max-video-preview:-1\" \/>\n<link rel=\"canonical\" href=\"https:\/\/studyinvalence.tcvalence.fr\/?page_id=42\" \/>\n<meta property=\"og:locale\" content=\"fr_FR\" \/>\n<meta property=\"og:type\" content=\"article\" \/>\n<meta property=\"og:title\" content=\"T\u00e9moignage - Study In Valence\" \/>\n<meta property=\"og:description\" content=\"D\u00e9couvrir Valence \u00e0 travers les yeux de ceux qui y ont \u00e9tudi\u00e9, c\u2019est entrer dans le quotidien d\u2019une ville accueillante et d\u2019un campus \u00e0 taille humaine. Dans cette page, des \u00e9tudiants internationaux partagent leur exp\u00e9rience : leur arriv\u00e9e, leurs \u00e9tudes \u00e0 l\u2019IUT de Valence, leurs rencontres et leurs d\u00e9couvertes. Leurs t\u00e9moignages, sinc\u00e8res et vari\u00e9s, illustrent [&hellip;]\" \/>\n<meta property=\"og:url\" content=\"https:\/\/studyinvalence.tcvalence.fr\/?page_id=42\" \/>\n<meta property=\"og:site_name\" content=\"Study In Valence\" \/>\n<meta property=\"article:modified_time\" content=\"2025-05-23T16:01:53+00:00\" \/>\n<meta name=\"twitter:card\" content=\"summary_large_image\" \/>\n<script type=\"application\/ld+json\" class=\"yoast-schema-graph\">{\"@context\":\"https:\/\/schema.org\",\"@graph\":[{\"@type\":\"WebPage\",\"@id\":\"https:\/\/studyinvalence.tcvalence.fr\/?page_id=42\",\"url\":\"https:\/\/studyinvalence.tcvalence.fr\/?page_id=42\",\"name\":\"T\u00e9moignage - Study In Valence\",\"isPartOf\":{\"@id\":\"https:\/\/studyinvalence.tcvalence.fr\/#website\"},\"datePublished\":\"2025-05-06T12:38:37+00:00\",\"dateModified\":\"2025-05-23T16:01:53+00:00\",\"breadcrumb\":{\"@id\":\"https:\/\/studyinvalence.tcvalence.fr\/?page_id=42#breadcrumb\"},\"inLanguage\":\"fr-FR\",\"potentialAction\":[{\"@type\":\"ReadAction\",\"target\":[\"https:\/\/studyinvalence.tcvalence.fr\/?page_id=42\"]}]},{\"@type\":\"BreadcrumbList\",\"@id\":\"https:\/\/studyinvalence.tcvalence.fr\/?page_id=42#breadcrumb\",\"itemListElement\":[{\"@type\":\"ListItem\",\"position\":1,\"name\":\"Accueil\",\"item\":\"https:\/\/studyinvalence.tcvalence.fr\/\"},{\"@type\":\"ListItem\",\"position\":2,\"name\":\"T\u00e9moignage\"}]},{\"@type\":\"WebSite\",\"@id\":\"https:\/\/studyinvalence.tcvalence.fr\/#website\",\"url\":\"https:\/\/studyinvalence.tcvalence.fr\/\",\"name\":\"Study In Valence\",\"description\":\"\",\"potentialAction\":[{\"@type\":\"SearchAction\",\"target\":{\"@type\":\"EntryPoint\",\"urlTemplate\":\"https:\/\/studyinvalence.tcvalence.fr\/?s={search_term_string}\"},\"query-input\":{\"@type\":\"PropertyValueSpecification\",\"valueRequired\":true,\"valueName\":\"search_term_string\"}}],\"inLanguage\":\"fr-FR\"}]}<\/script>\n<!-- \/ Yoast SEO plugin. -->","yoast_head_json":{"title":"T\u00e9moignage - Study In Valence","robots":{"index":"index","follow":"follow","max-snippet":"max-snippet:-1","max-image-preview":"max-image-preview:large","max-video-preview":"max-video-preview:-1"},"canonical":"https:\/\/studyinvalence.tcvalence.fr\/?page_id=42","og_locale":"fr_FR","og_type":"article","og_title":"T\u00e9moignage - Study In Valence","og_description":"D\u00e9couvrir Valence \u00e0 travers les yeux de ceux qui y ont \u00e9tudi\u00e9, c\u2019est entrer dans le quotidien d\u2019une ville accueillante et d\u2019un campus \u00e0 taille humaine. Dans cette page, des \u00e9tudiants internationaux partagent leur exp\u00e9rience : leur arriv\u00e9e, leurs \u00e9tudes \u00e0 l\u2019IUT de Valence, leurs rencontres et leurs d\u00e9couvertes. Leurs t\u00e9moignages, sinc\u00e8res et vari\u00e9s, illustrent [&hellip;]","og_url":"https:\/\/studyinvalence.tcvalence.fr\/?page_id=42","og_site_name":"Study In Valence","article_modified_time":"2025-05-23T16:01:53+00:00","twitter_card":"summary_large_image","schema":{"@context":"https:\/\/schema.org","@graph":[{"@type":"WebPage","@id":"https:\/\/studyinvalence.tcvalence.fr\/?page_id=42","url":"https:\/\/studyinvalence.tcvalence.fr\/?page_id=42","name":"T\u00e9moignage - Study In Valence","isPartOf":{"@id":"https:\/\/studyinvalence.tcvalence.fr\/#website"},"datePublished":"2025-05-06T12:38:37+00:00","dateModified":"2025-05-23T16:01:53+00:00","breadcrumb":{"@id":"https:\/\/studyinvalence.tcvalence.fr\/?page_id=42#breadcrumb"},"inLanguage":"fr-FR","potentialAction":[{"@type":"ReadAction","target":["https:\/\/studyinvalence.tcvalence.fr\/?page_id=42"]}]},{"@type":"BreadcrumbList","@id":"https:\/\/studyinvalence.tcvalence.fr\/?page_id=42#breadcrumb","itemListElement":[{"@type":"ListItem","position":1,"name":"Accueil","item":"https:\/\/studyinvalence.tcvalence.fr\/"},{"@type":"ListItem","position":2,"name":"T\u00e9moignage"}]},{"@type":"WebSite","@id":"https:\/\/studyinvalence.tcvalence.fr\/#website","url":"https:\/\/studyinvalence.tcvalence.fr\/","name":"Study In Valence","description":"","potentialAction":[{"@type":"SearchAction","target":{"@type":"EntryPoint","urlTemplate":"https:\/\/studyinvalence.tcvalence.fr\/?s={search_term_string}"},"query-input":{"@type":"PropertyValueSpecification","valueRequired":true,"valueName":"search_term_string"}}],"inLanguage":"fr-FR"}]}},"_links":{"self":[{"href":"https:\/\/studyinvalence.tcvalence.fr\/index.php?rest_route=\/wp\/v2\/pages\/42","targetHints":{"allow":["GET"]}}],"collection":[{"href":"https:\/\/studyinvalence.tcvalence.fr\/index.php?rest_route=\/wp\/v2\/pages"}],"about":[{"href":"https:\/\/studyinvalence.tcvalence.fr\/index.php?rest_route=\/wp\/v2\/types\/page"}],"author":[{"embeddable":true,"href":"https:\/\/studyinvalence.tcvalence.fr\/index.php?rest_route=\/wp\/v2\/users\/1"}],"replies":[{"embeddable":true,"href":"https:\/\/studyinvalence.tcvalence.fr\/index.php?rest_route=%2Fwp%2Fv2%2Fcomments&post=42"}],"version-history":[{"count":11,"href":"https:\/\/studyinvalence.tcvalence.fr\/index.php?rest_route=\/wp\/v2\/pages\/42\/revisions"}],"predecessor-version":[{"id":296,"href":"https:\/\/studyinvalence.tcvalence.fr\/index.php?rest_route=\/wp\/v2\/pages\/42\/revisions\/296"}],"wp:attachment":[{"href":"https:\/\/studyinvalence.tcvalence.fr\/index.php?rest_route=%2Fwp%2Fv2%2Fmedia&parent=42"}],"curies":[{"name":"wp","href":"https:\/\/api.w.org\/{rel}","templated":true}]}}