{"id":47,"date":"2025-05-09T07:02:44","date_gmt":"2025-05-09T07:02:44","guid":{"rendered":"https:\/\/studyinvalence.tcvalence.fr\/?page_id=47"},"modified":"2025-05-23T15:46:36","modified_gmt":"2025-05-23T15:46:36","slug":"47-2","status":"publish","type":"page","link":"https:\/\/studyinvalence.tcvalence.fr\/?page_id=47","title":{"rendered":"Activit\u00e9s culturelles et sportives"},"content":{"rendered":"<p>[et_pb_section fb_built=\u00a0\u00bb1&Prime; admin_label=\u00a0\u00bbHeader &#038; Gallery\u00a0\u00bb _builder_version=\u00a0\u00bb4.24.3&Prime; _module_preset=\u00a0\u00bbdefault\u00a0\u00bb collapsed=\u00a0\u00bbon\u00a0\u00bb global_colors_info=\u00a0\u00bb{}\u00a0\u00bb][et_pb_row column_structure=\u00a0\u00bb3_5,2_5&Prime; use_custom_gutter=\u00a0\u00bbon\u00a0\u00bb gutter_width=\u00a0\u00bb2&Prime; _builder_version=\u00a0\u00bb4.24.3&Prime; _module_preset=\u00a0\u00bbdefault\u00a0\u00bb max_width=\u00a0\u00bbnone\u00a0\u00bb custom_padding=\u00a0\u00bb0px||0px||true|false\u00a0\u00bb locked=\u00a0\u00bboff\u00a0\u00bb global_colors_info=\u00a0\u00bb{}\u00a0\u00bb][et_pb_column type=\u00a0\u00bb3_5&Prime; _builder_version=\u00a0\u00bb4.24.3&Prime; _module_preset=\u00a0\u00bbdefault\u00a0\u00bb global_colors_info=\u00a0\u00bb{}\u00a0\u00bb][et_pb_heading title=\u00a0\u00bbValence \u00e0 travers la culture et le sport\u00a0\u00bb _builder_version=\u00a0\u00bb4.27.4&Prime; _module_preset=\u00a0\u00bbc5195f89-df5a-4ee9-9372-cc24d7f8d231&Prime; title_level=\u00a0\u00bbh2&Prime; locked=\u00a0\u00bboff\u00a0\u00bb global_colors_info=\u00a0\u00bb{}\u00a0\u00bb][\/et_pb_heading][\/et_pb_column][et_pb_column type=\u00a0\u00bb2_5&Prime; _builder_version=\u00a0\u00bb4.24.3&Prime; _module_preset=\u00a0\u00bbdefault\u00a0\u00bb global_colors_info=\u00a0\u00bb{}\u00a0\u00bb][et_pb_text _builder_version=\u00a0\u00bb4.27.4&Prime; _module_preset=\u00a0\u00bbbf3f1802-4023-4aff-8de3-ab921ee1ff8b\u00a0\u00bb hover_enabled=\u00a0\u00bb0&Prime; global_colors_info=\u00a0\u00bb{}\u00a0\u00bb text_font_size=\u00a0\u00bb20px\u00a0\u00bb sticky_enabled=\u00a0\u00bb0&Prime;]<\/p>\n<p>Ville \u00e0 taille humaine au c\u0153ur de la Dr\u00f4me, Valence offre une vie culturelle riche et des infrastructures sportives accessibles \u00e0 tous. Que vous soyez passionn\u00e9 de th\u00e9\u00e2tre, amateur d\u2019art, ou adepte du sport en plein air, vous trouverez ici de quoi nourrir votre curiosit\u00e9 et entretenir votre forme tout au long de l\u2019ann\u00e9e.<\/p>\n<p>[\/et_pb_text][\/et_pb_column][\/et_pb_row][et_pb_row column_structure=\u00a0\u00bb1_2,1_2&Prime; _builder_version=\u00a0\u00bb4.27.4&Prime; _module_preset=\u00a0\u00bbdefault\u00a0\u00bb global_colors_info=\u00a0\u00bb{}\u00a0\u00bb][et_pb_column type=\u00a0\u00bb1_2&Prime; _builder_version=\u00a0\u00bb4.27.4&Prime; _module_preset=\u00a0\u00bbdefault\u00a0\u00bb global_colors_info=\u00a0\u00bb{}\u00a0\u00bb][\/et_pb_column][et_pb_column type=\u00a0\u00bb1_2&Prime; _builder_version=\u00a0\u00bb4.27.4&Prime; _module_preset=\u00a0\u00bbdefault\u00a0\u00bb global_colors_info=\u00a0\u00bb{}\u00a0\u00bb][et_pb_heading title=\u00a0\u00bbPlongez dans la richesse culturelle de Valence\u00a0\u00bb _builder_version=\u00a0\u00bb4.27.4&Prime; _module_preset=\u00a0\u00bb19e93504-ca5a-475d-bcb1-7aad55b276ba\u00a0\u00bb title_text_align=\u00a0\u00bbright\u00a0\u00bb global_colors_info=\u00a0\u00bb{}\u00a0\u00bb][\/et_pb_heading][\/et_pb_column][\/et_pb_row][et_pb_row column_structure=\u00a0\u00bb1_3,1_3,1_3&Prime; use_custom_gutter=\u00a0\u00bbon\u00a0\u00bb gutter_width=\u00a0\u00bb2&Prime; _builder_version=\u00a0\u00bb4.24.3&Prime; _module_preset=\u00a0\u00bbdefault\u00a0\u00bb max_width=\u00a0\u00bbnone\u00a0\u00bb custom_padding=\u00a0\u00bb0px||0px||true|false\u00a0\u00bb locked=\u00a0\u00bboff\u00a0\u00bb global_colors_info=\u00a0\u00bb{}\u00a0\u00bb][et_pb_column type=\u00a0\u00bb1_3&Prime; _builder_version=\u00a0\u00bb4.24.3&Prime; _module_preset=\u00a0\u00bbdefault\u00a0\u00bb global_colors_info=\u00a0\u00bb{}\u00a0\u00bb][et_pb_image src=\u00a0\u00bbhttps:\/\/studyinvalence.tcvalence.fr\/wp-content\/uploads\/2025\/05\/theatre-copie.webp\u00a0\u00bb title_text=\u00a0\u00bbtheatre-copie\u00a0\u00bb _builder_version=\u00a0\u00bb4.27.4&Prime; _module_preset=\u00a0\u00bbdefault\u00a0\u00bb max_height_tablet=\u00a0\u00bb300px\u00a0\u00bb max_height_phone=\u00a0\u00bb300px\u00a0\u00bb max_height_last_edited=\u00a0\u00bbon|desktop\u00a0\u00bb locked=\u00a0\u00bboff\u00a0\u00bb global_colors_info=\u00a0\u00bb{}\u00a0\u00bb][\/et_pb_image][\/et_pb_column][et_pb_column type=\u00a0\u00bb1_3&Prime; _builder_version=\u00a0\u00bb4.24.3&Prime; _module_preset=\u00a0\u00bbdefault\u00a0\u00bb global_colors_info=\u00a0\u00bb{}\u00a0\u00bb][et_pb_image src=\u00a0\u00bbhttps:\/\/studyinvalence.tcvalence.fr\/wp-content\/uploads\/2025\/05\/musee-copie.webp\u00a0\u00bb title_text=\u00a0\u00bbmus\u00e9e-copie\u00a0\u00bb align=\u00a0\u00bbright\u00a0\u00bb _builder_version=\u00a0\u00bb4.27.4&Prime; _module_preset=\u00a0\u00bbdefault\u00a0\u00bb max_height_tablet=\u00a0\u00bb300px\u00a0\u00bb max_height_phone=\u00a0\u00bb300px\u00a0\u00bb max_height_last_edited=\u00a0\u00bbon|tablet\u00a0\u00bb locked=\u00a0\u00bboff\u00a0\u00bb global_colors_info=\u00a0\u00bb{}\u00a0\u00bb][\/et_pb_image][\/et_pb_column][et_pb_column type=\u00a0\u00bb1_3&Prime; _builder_version=\u00a0\u00bb4.24.3&Prime; _module_preset=\u00a0\u00bbdefault\u00a0\u00bb global_colors_info=\u00a0\u00bb{}\u00a0\u00bb][et_pb_image src=\u00a0\u00bbhttps:\/\/studyinvalence.tcvalence.fr\/wp-content\/uploads\/2025\/05\/festival.webp\u00a0\u00bb title_text=\u00a0\u00bbfestival\u00a0\u00bb _builder_version=\u00a0\u00bb4.27.4&Prime; _module_preset=\u00a0\u00bbdefault\u00a0\u00bb max_height_tablet=\u00a0\u00bb300px\u00a0\u00bb max_height_phone=\u00a0\u00bb300px\u00a0\u00bb max_height_last_edited=\u00a0\u00bbon|tablet\u00a0\u00bb locked=\u00a0\u00bboff\u00a0\u00bb global_colors_info=\u00a0\u00bb{}\u00a0\u00bb][\/et_pb_image][\/et_pb_column][\/et_pb_row][et_pb_row column_structure=\u00a0\u00bb1_3,1_3,1_3&Prime; _builder_version=\u00a0\u00bb4.24.3&Prime; _module_preset=\u00a0\u00bbdefault\u00a0\u00bb max_width=\u00a0\u00bbnone\u00a0\u00bb global_colors_info=\u00a0\u00bb{}\u00a0\u00bb][et_pb_column type=\u00a0\u00bb1_3&Prime; _builder_version=\u00a0\u00bb4.24.3&Prime; _module_preset=\u00a0\u00bbdefault\u00a0\u00bb global_colors_info=\u00a0\u00bb{}\u00a0\u00bb][et_pb_heading title=\u00a0\u00bbTh\u00e9\u00e2tre et spectacles vivants\u00a0\u00bb _builder_version=\u00a0\u00bb4.27.4&Prime; _module_preset=\u00a0\u00bbc5d5cd58-b216-4187-ba2c-829273ef6f64&Prime; global_colors_info=\u00a0\u00bb{%22gcid-3e93bdc5-146d-448e-a761-9f1b4dd51113%22:%91%22link_text_color%22,%22quote_border_color%22%93,%22gcid-c7d8f091-13fc-48ff-a161-01fd58ed72d5%22:%91%22quote_text_color%22,%22quote_text_color%22%93}\u00a0\u00bb][\/et_pb_heading][et_pb_text _builder_version=\u00a0\u00bb4.27.4&Prime; _module_preset=\u00a0\u00bbdefault\u00a0\u00bb custom_margin=\u00a0\u00bb||-3px|||\u00a0\u00bb global_colors_info=\u00a0\u00bb{}\u00a0\u00bb]<\/p>\n<ul>\n<li data-start=\"561\" data-end=\"666\">\n<p data-start=\"563\" data-end=\"666\"><strong data-start=\"563\" data-end=\"588\">La Com\u00e9die de Valence<\/strong> : <span class=\"relative -mx-px my-[-0.2rem] rounded px-px py-[0.2rem] transition-colors duration-100 ease-in-out\">Centre dramatique national proposant des cr\u00e9ations contemporaines et des spectacles vari\u00e9s tout au long de l&rsquo;ann\u00e9e.<\/span><\/p>\n<\/li>\n<\/ul>\n<p>[\/et_pb_text][et_pb_button button_url=\u00a0\u00bbhttps:\/\/www.comediedevalence.com\u00a0\u00bb button_text=\u00a0\u00bbCom\u00e9die de Valence\u00a0\u00bb button_alignment=\u00a0\u00bbcenter\u00a0\u00bb _builder_version=\u00a0\u00bb4.27.4&Prime; _module_preset=\u00a0\u00bbd3933434-235f-447e-bc6e-fd5397265b34&Prime; button_border_color=\u00a0\u00bb#FFFFFF\u00a0\u00bb hover_enabled=\u00a0\u00bb0&Prime; global_colors_info=\u00a0\u00bb{}\u00a0\u00bb sticky_enabled=\u00a0\u00bb0&Prime;][\/et_pb_button][et_pb_text _builder_version=\u00a0\u00bb4.27.4&Prime; _module_preset=\u00a0\u00bbdefault\u00a0\u00bb custom_margin=\u00a0\u00bb||-4px|||\u00a0\u00bb global_colors_info=\u00a0\u00bb{}\u00a0\u00bb]<\/p>\n<ul>\n<li data-start=\"669\" data-end=\"807\"><strong data-start=\"669\" data-end=\"692\">LUX Sc\u00e8ne Nationale<\/strong> : <span class=\"relative -mx-px my-[-0.2rem] rounded px-px py-[0.2rem] transition-colors duration-100 ease-in-out\">Lieu pluridisciplinaire accueillant des spectacles de danse, th\u00e9\u00e2tre, musique et cin\u00e9ma d&rsquo;art et d&rsquo;essai.<\/span><\/li>\n<\/ul>\n<p>[\/et_pb_text][et_pb_button button_url=\u00a0\u00bbhttps:\/\/lux-valence.com\u00a0\u00bb button_text=\u00a0\u00bbLux Sc\u00e8ne nationale\u00a0\u00bb button_alignment=\u00a0\u00bbcenter\u00a0\u00bb _builder_version=\u00a0\u00bb4.27.4&Prime; _module_preset=\u00a0\u00bbd3933434-235f-447e-bc6e-fd5397265b34&Prime; button_border_color=\u00a0\u00bb#FFFFFF\u00a0\u00bb hover_enabled=\u00a0\u00bb0&Prime; global_colors_info=\u00a0\u00bb{}\u00a0\u00bb sticky_enabled=\u00a0\u00bb0&Prime;][\/et_pb_button][\/et_pb_column][et_pb_column type=\u00a0\u00bb1_3&Prime; _builder_version=\u00a0\u00bb4.24.3&Prime; _module_preset=\u00a0\u00bbdefault\u00a0\u00bb global_colors_info=\u00a0\u00bb{}\u00a0\u00bb][et_pb_heading title=\u00a0\u00bbMus\u00e9es et expositions\u00a0\u00bb _builder_version=\u00a0\u00bb4.27.4&Prime; _module_preset=\u00a0\u00bbc5d5cd58-b216-4187-ba2c-829273ef6f64&Prime; global_colors_info=\u00a0\u00bb{%22gcid-3e93bdc5-146d-448e-a761-9f1b4dd51113%22:%91%22link_text_color%22,%22quote_border_color%22%93,%22gcid-c7d8f091-13fc-48ff-a161-01fd58ed72d5%22:%91%22quote_text_color%22,%22quote_text_color%22%93}\u00a0\u00bb][\/et_pb_heading][et_pb_text _builder_version=\u00a0\u00bb4.27.4&Prime; _module_preset=\u00a0\u00bbdefault\u00a0\u00bb custom_margin=\u00a0\u00bb||-1px|||\u00a0\u00bb global_colors_info=\u00a0\u00bb{}\u00a0\u00bb]<\/p>\n<ul>\n<li data-start=\"844\" data-end=\"971\">\n<p data-start=\"846\" data-end=\"971\"><strong data-start=\"846\" data-end=\"889\">Mus\u00e9e d&rsquo;Art et d&rsquo;Arch\u00e9ologie de Valence<\/strong> : <span class=\"relative -mx-px my-[-0.2rem] rounded px-px py-[0.2rem] transition-colors duration-100 ease-in-out\">Abritant des collections allant de la pr\u00e9histoire \u00e0 l&rsquo;art contemporain, ce mus\u00e9e est un incontournable pour les amateurs d&rsquo;art et d&rsquo;histoire.<\/span><\/p>\n<\/li>\n<\/ul>\n<p>[\/et_pb_text][et_pb_button button_url=\u00a0\u00bbhttps:\/\/www.museedevalence.fr\u00a0\u00bb button_text=\u00a0\u00bbMus\u00e9e de Valence\u00a0\u00bb button_alignment=\u00a0\u00bbcenter\u00a0\u00bb _builder_version=\u00a0\u00bb4.27.4&Prime; _module_preset=\u00a0\u00bbd3933434-235f-447e-bc6e-fd5397265b34&Prime; button_border_color=\u00a0\u00bb#FFFFFF\u00a0\u00bb hover_enabled=\u00a0\u00bb0&Prime; global_colors_info=\u00a0\u00bb{}\u00a0\u00bb sticky_enabled=\u00a0\u00bb0&Prime;][\/et_pb_button][et_pb_text _builder_version=\u00a0\u00bb4.27.4&Prime; _module_preset=\u00a0\u00bbdefault\u00a0\u00bb custom_margin=\u00a0\u00bb||-1px|||\u00a0\u00bb global_colors_info=\u00a0\u00bb{}\u00a0\u00bb]<\/p>\n<ul>\n<li data-start=\"974\" data-end=\"1128\"><strong data-start=\"974\" data-end=\"1007\">Centre du Patrimoine Arm\u00e9nien<\/strong> : <span class=\"relative -mx-px my-[-0.2rem] rounded px-px py-[0.2rem] transition-colors duration-100 ease-in-out\">Un lieu unique d\u00e9di\u00e9 \u00e0 la m\u00e9moire et \u00e0 la culture arm\u00e9nienne, proposant expositions, conf\u00e9rences et ateliers.<\/span><\/li>\n<\/ul>\n<p>[\/et_pb_text][et_pb_button button_url=\u00a0\u00bbhttps:\/\/www.le-cpa.com\u00a0\u00bb button_text=\u00a0\u00bbPatrimoine Arm\u00e9nien\u00a0\u00bb button_alignment=\u00a0\u00bbcenter\u00a0\u00bb _builder_version=\u00a0\u00bb4.27.4&Prime; _module_preset=\u00a0\u00bbd3933434-235f-447e-bc6e-fd5397265b34&Prime; button_border_color=\u00a0\u00bb#FFFFFF\u00a0\u00bb hover_enabled=\u00a0\u00bb0&Prime; global_colors_info=\u00a0\u00bb{}\u00a0\u00bb sticky_enabled=\u00a0\u00bb0&Prime;][\/et_pb_button][\/et_pb_column][et_pb_column type=\u00a0\u00bb1_3&Prime; _builder_version=\u00a0\u00bb4.24.3&Prime; _module_preset=\u00a0\u00bbdefault\u00a0\u00bb global_colors_info=\u00a0\u00bb{}\u00a0\u00bb][et_pb_heading title=\u00a0\u00bbFestivals et \u00e9v\u00e9nements culturels\u00a0\u00bb _builder_version=\u00a0\u00bb4.27.4&Prime; _module_preset=\u00a0\u00bbc5d5cd58-b216-4187-ba2c-829273ef6f64&Prime; global_colors_info=\u00a0\u00bb{%22gcid-3e93bdc5-146d-448e-a761-9f1b4dd51113%22:%91%22link_text_color%22,%22quote_border_color%22%93,%22gcid-c7d8f091-13fc-48ff-a161-01fd58ed72d5%22:%91%22quote_text_color%22,%22quote_text_color%22%93}\u00a0\u00bb][\/et_pb_heading][et_pb_text _builder_version=\u00a0\u00bb4.27.4&Prime; _module_preset=\u00a0\u00bbdefault\u00a0\u00bb custom_margin=\u00a0\u00bb||1px|||\u00a0\u00bb global_colors_info=\u00a0\u00bb{}\u00a0\u00bb]<\/p>\n<ul>\n<li data-start=\"1176\" data-end=\"1287\">\n<p data-start=\"1178\" data-end=\"1287\"><strong data-start=\"1178\" data-end=\"1205\">Festival Sur le Champ !<\/strong> : <span class=\"relative -mx-px my-[-0.2rem] rounded px-px py-[0.2rem] transition-colors duration-100 ease-in-out\">Chaque \u00e9t\u00e9, ce festival gratuit anime le centre-ville avec des concerts de musique fran\u00e7aise, pop, rock et \u00e9lectro.<\/span><\/p>\n<\/li>\n<\/ul>\n<p>[\/et_pb_text][et_pb_button button_url=\u00a0\u00bbhttps:\/\/www.festival-surlechamp.fr\u00a0\u00bb button_text=\u00a0\u00bbFestival sur le Champ\u00a0\u00bb button_alignment=\u00a0\u00bbcenter\u00a0\u00bb _builder_version=\u00a0\u00bb4.27.4&Prime; _module_preset=\u00a0\u00bbd3933434-235f-447e-bc6e-fd5397265b34&Prime; button_border_color=\u00a0\u00bb#FFFFFF\u00a0\u00bb hover_enabled=\u00a0\u00bb0&Prime; global_colors_info=\u00a0\u00bb{}\u00a0\u00bb sticky_enabled=\u00a0\u00bb0&Prime;][\/et_pb_button][et_pb_text _builder_version=\u00a0\u00bb4.27.4&Prime; _module_preset=\u00a0\u00bbdefault\u00a0\u00bb global_colors_info=\u00a0\u00bb{}\u00a0\u00bb]<\/p>\n<ul>\n<li data-start=\"1290\" data-end=\"1438\"><strong data-start=\"1290\" data-end=\"1317\">Expositions temporaires<\/strong> : <span class=\"relative -mx-px my-[-0.2rem] rounded px-px py-[0.2rem] transition-colors duration-100 ease-in-out\">La ville accueille r\u00e9guli\u00e8rement des expositions vari\u00e9es, comme \u00ab\u00a0Jazz de Henri Matisse : Improvisations en couleur\u00a0\u00bb.<\/span><\/li>\n<\/ul>\n<p>[\/et_pb_text][\/et_pb_column][\/et_pb_row][\/et_pb_section][et_pb_section fb_built=\u00a0\u00bb1&Prime; admin_label=\u00a0\u00bbContact Info\u00a0\u00bb _builder_version=\u00a0\u00bb4.27.4&Prime; _module_preset=\u00a0\u00bbdefault\u00a0\u00bb background_enable_color=\u00a0\u00bboff\u00a0\u00bb background_image=\u00a0\u00bbhttps:\/\/studyinvalence.tcvalence.fr\/wp-content\/uploads\/2025\/05\/parc_jouvet-scaled.webp\u00a0\u00bb parallax=\u00a0\u00bbon\u00a0\u00bb custom_padding=\u00a0\u00bb6vw|10vw||10vw|false|true\u00a0\u00bb locked=\u00a0\u00bboff\u00a0\u00bb collapsed=\u00a0\u00bbon\u00a0\u00bb global_colors_info=\u00a0\u00bb{}\u00a0\u00bb][et_pb_row _builder_version=\u00a0\u00bb4.24.3&Prime; _module_preset=\u00a0\u00bbdefault\u00a0\u00bb width=\u00a0\u00bb100%\u00a0\u00bb max_width=\u00a0\u00bb1450px\u00a0\u00bb custom_padding=\u00a0\u00bb0px||1px|||\u00a0\u00bb scroll_vertical_motion_enable=\u00a0\u00bbon\u00a0\u00bb scroll_vertical_motion=\u00a0\u00bb0|50|50|100|1|0|-1&Prime; global_colors_info=\u00a0\u00bb{}\u00a0\u00bb][et_pb_column type=\u00a0\u00bb4_4&Prime; _builder_version=\u00a0\u00bb4.24.3&Prime; _module_preset=\u00a0\u00bbdefault\u00a0\u00bb background_color=\u00a0\u00bb#FFFFFF\u00a0\u00bb custom_padding=\u00a0\u00bb6vw|60px|6vw|60px|true|true\u00a0\u00bb custom_padding_tablet=\u00a0\u00bb30px|30px|30px|30px|true|true\u00a0\u00bb custom_padding_phone=\u00a0\u00bb20px|20px|20px|20px|true|true\u00a0\u00bb custom_padding_last_edited=\u00a0\u00bbon|desktop\u00a0\u00bb global_colors_info=\u00a0\u00bb{}\u00a0\u00bb][et_pb_heading title=\u00a0\u00bbFaire du sport \u00e0 Valence : pour tous les go\u00fbts\u00a0\u00bb _builder_version=\u00a0\u00bb4.27.4&Prime; _module_preset=\u00a0\u00bb19e93504-ca5a-475d-bcb1-7aad55b276ba\u00a0\u00bb title_text_align=\u00a0\u00bbcenter\u00a0\u00bb global_colors_info=\u00a0\u00bb{}\u00a0\u00bb][\/et_pb_heading][et_pb_text _builder_version=\u00a0\u00bb4.27.4&Prime; _module_preset=\u00a0\u00bbdefault\u00a0\u00bb hover_enabled=\u00a0\u00bb0&Prime; global_colors_info=\u00a0\u00bb{}\u00a0\u00bb text_font=\u00a0\u00bbJosefin Sans||||||||\u00a0\u00bb text_font_size=\u00a0\u00bb18px\u00a0\u00bb sticky_enabled=\u00a0\u00bb0&Prime;]<\/p>\n<p><span style=\"font-weight: 400;\">Ville dynamique et sportive, <\/span><b>Valence propose une grande diversit\u00e9 d\u2019activit\u00e9s pour tous les niveaux et toutes les envies<\/b><span style=\"font-weight: 400;\">, avec de nombreuses infrastructures accessibles aux \u00e9tudiants. Que vous soyez sportif du dimanche ou athl\u00e8te confirm\u00e9, vous trouverez votre place.<\/span><\/p>\n<p><span style=\"font-weight: 400;\">La <\/span><b>Piscine Jean Pommier<\/b><span style=\"font-weight: 400;\">, avenue Maurice Faure, offre des bassins int\u00e9rieurs pour nager toute l\u2019ann\u00e9e. Le <\/span><b>Stade Georges Pompidou<\/b><span style=\"font-weight: 400;\">, rue Denis Papin, accueille les matchs de rugby du VRDR ainsi que de nombreux \u00e9v\u00e9nements sportifs \u00e9tudiants. La <\/span><b>Maison des Sports<\/b><span style=\"font-weight: 400;\">, rue Pierre Lat\u00e9co\u00e8re, est quant \u00e0 elle un centre multisport o\u00f9 l\u2019on peut pratiquer judo, basket, gymnastique, et plus encore.<\/span><\/p>\n<p><span style=\"font-weight: 400;\">Pour les amateurs de nature, Valence est aussi une ville verte. Le <\/span><b>Parc Jouvet<\/b><span style=\"font-weight: 400;\">, vaste espace arbor\u00e9 en bord de Rh\u00f4ne, est parfait pour courir, faire du yoga ou simplement se d\u00e9tendre. Le <\/span><b>Parc Jean-Perdrix<\/b><span style=\"font-weight: 400;\">, avec ses c\u00e9l\u00e8bres tours d\u2019eau, est un autre lieu id\u00e9al pour les activit\u00e9s de plein air. Les amateurs de v\u00e9lo adoreront la <\/span><b>ViaRh\u00f4na<\/b><span style=\"font-weight: 400;\">, piste cyclable qui longe le Rh\u00f4ne et relie Valence \u00e0 de superbes villages environnants.<\/span><\/p>\n<p><span style=\"font-weight: 400;\">Et pour ceux qui cherchent un peu plus d\u2019adr\u00e9naline : escalade chez <\/span><b>Indoor 2600<\/b><span style=\"font-weight: 400;\"> (25 rue Andr\u00e9 Fran\u00e7ois-Poncet), accrobranche, canyoning dans les environs ou karting \u00e0 quelques kilom\u00e8tres.<\/span><span style=\"font-weight: 400;\"><br \/><\/span><span style=\"font-weight: 400;\">Les clubs sportifs ne manquent pas : football, handball, volley, sports de combat, il y en a pour tous les go\u00fbts. Que vous souhaitiez d\u00e9couvrir une nouvelle passion ou rencontrer d\u2019autres \u00e9tudiants, <\/span><b>Valence est le terrain de jeu id\u00e9al<\/b><span style=\"font-weight: 400;\">.<\/span><\/p>\n<p>[\/et_pb_text][\/et_pb_column][\/et_pb_row][\/et_pb_section]<\/p>\n","protected":false},"excerpt":{"rendered":"<p>Ville \u00e0 taille humaine au c\u0153ur de la Dr\u00f4me, Valence offre une vie culturelle riche et des infrastructures sportives accessibles \u00e0 tous. Que vous soyez passionn\u00e9 de th\u00e9\u00e2tre, amateur d\u2019art, ou adepte du sport en plein air, vous trouverez ici de quoi nourrir votre curiosit\u00e9 et entretenir votre forme tout au long de l\u2019ann\u00e9e. La [&hellip;]<\/p>\n","protected":false},"author":1,"featured_media":0,"parent":0,"menu_order":0,"comment_status":"closed","ping_status":"closed","template":"","meta":{"_et_pb_use_builder":"on","_et_pb_old_content":"","_et_gb_content_width":"","footnotes":""},"class_list":["post-47","page","type-page","status-publish","hentry"],"yoast_head":"<!-- This site is optimized with the Yoast SEO plugin v25.2 - https:\/\/yoast.com\/wordpress\/plugins\/seo\/ -->\n<title>Activit\u00e9s culturelles et sportives - Study In Valence<\/title>\n<meta name=\"robots\" content=\"index, follow, max-snippet:-1, max-image-preview:large, max-video-preview:-1\" \/>\n<link rel=\"canonical\" href=\"https:\/\/studyinvalence.tcvalence.fr\/?page_id=47\" \/>\n<meta property=\"og:locale\" content=\"fr_FR\" \/>\n<meta property=\"og:type\" content=\"article\" \/>\n<meta property=\"og:title\" content=\"Activit\u00e9s culturelles et sportives - Study In Valence\" \/>\n<meta property=\"og:description\" content=\"Ville \u00e0 taille humaine au c\u0153ur de la Dr\u00f4me, Valence offre une vie culturelle riche et des infrastructures sportives accessibles \u00e0 tous. Que vous soyez passionn\u00e9 de th\u00e9\u00e2tre, amateur d\u2019art, ou adepte du sport en plein air, vous trouverez ici de quoi nourrir votre curiosit\u00e9 et entretenir votre forme tout au long de l\u2019ann\u00e9e. La [&hellip;]\" \/>\n<meta property=\"og:url\" content=\"https:\/\/studyinvalence.tcvalence.fr\/?page_id=47\" \/>\n<meta property=\"og:site_name\" content=\"Study In Valence\" \/>\n<meta property=\"article:modified_time\" content=\"2025-05-23T15:46:36+00:00\" \/>\n<meta name=\"twitter:card\" content=\"summary_large_image\" \/>\n<script type=\"application\/ld+json\" class=\"yoast-schema-graph\">{\"@context\":\"https:\/\/schema.org\",\"@graph\":[{\"@type\":\"WebPage\",\"@id\":\"https:\/\/studyinvalence.tcvalence.fr\/?page_id=47\",\"url\":\"https:\/\/studyinvalence.tcvalence.fr\/?page_id=47\",\"name\":\"Activit\u00e9s culturelles et sportives - Study In Valence\",\"isPartOf\":{\"@id\":\"https:\/\/studyinvalence.tcvalence.fr\/#website\"},\"datePublished\":\"2025-05-09T07:02:44+00:00\",\"dateModified\":\"2025-05-23T15:46:36+00:00\",\"breadcrumb\":{\"@id\":\"https:\/\/studyinvalence.tcvalence.fr\/?page_id=47#breadcrumb\"},\"inLanguage\":\"fr-FR\",\"potentialAction\":[{\"@type\":\"ReadAction\",\"target\":[\"https:\/\/studyinvalence.tcvalence.fr\/?page_id=47\"]}]},{\"@type\":\"BreadcrumbList\",\"@id\":\"https:\/\/studyinvalence.tcvalence.fr\/?page_id=47#breadcrumb\",\"itemListElement\":[{\"@type\":\"ListItem\",\"position\":1,\"name\":\"Accueil\",\"item\":\"https:\/\/studyinvalence.tcvalence.fr\/\"},{\"@type\":\"ListItem\",\"position\":2,\"name\":\"Activit\u00e9s culturelles et sportives\"}]},{\"@type\":\"WebSite\",\"@id\":\"https:\/\/studyinvalence.tcvalence.fr\/#website\",\"url\":\"https:\/\/studyinvalence.tcvalence.fr\/\",\"name\":\"Study In Valence\",\"description\":\"\",\"potentialAction\":[{\"@type\":\"SearchAction\",\"target\":{\"@type\":\"EntryPoint\",\"urlTemplate\":\"https:\/\/studyinvalence.tcvalence.fr\/?s={search_term_string}\"},\"query-input\":{\"@type\":\"PropertyValueSpecification\",\"valueRequired\":true,\"valueName\":\"search_term_string\"}}],\"inLanguage\":\"fr-FR\"}]}<\/script>\n<!-- \/ Yoast SEO plugin. -->","yoast_head_json":{"title":"Activit\u00e9s culturelles et sportives - Study In Valence","robots":{"index":"index","follow":"follow","max-snippet":"max-snippet:-1","max-image-preview":"max-image-preview:large","max-video-preview":"max-video-preview:-1"},"canonical":"https:\/\/studyinvalence.tcvalence.fr\/?page_id=47","og_locale":"fr_FR","og_type":"article","og_title":"Activit\u00e9s culturelles et sportives - Study In Valence","og_description":"Ville \u00e0 taille humaine au c\u0153ur de la Dr\u00f4me, Valence offre une vie culturelle riche et des infrastructures sportives accessibles \u00e0 tous. Que vous soyez passionn\u00e9 de th\u00e9\u00e2tre, amateur d\u2019art, ou adepte du sport en plein air, vous trouverez ici de quoi nourrir votre curiosit\u00e9 et entretenir votre forme tout au long de l\u2019ann\u00e9e. La [&hellip;]","og_url":"https:\/\/studyinvalence.tcvalence.fr\/?page_id=47","og_site_name":"Study In Valence","article_modified_time":"2025-05-23T15:46:36+00:00","twitter_card":"summary_large_image","schema":{"@context":"https:\/\/schema.org","@graph":[{"@type":"WebPage","@id":"https:\/\/studyinvalence.tcvalence.fr\/?page_id=47","url":"https:\/\/studyinvalence.tcvalence.fr\/?page_id=47","name":"Activit\u00e9s culturelles et sportives - Study In Valence","isPartOf":{"@id":"https:\/\/studyinvalence.tcvalence.fr\/#website"},"datePublished":"2025-05-09T07:02:44+00:00","dateModified":"2025-05-23T15:46:36+00:00","breadcrumb":{"@id":"https:\/\/studyinvalence.tcvalence.fr\/?page_id=47#breadcrumb"},"inLanguage":"fr-FR","potentialAction":[{"@type":"ReadAction","target":["https:\/\/studyinvalence.tcvalence.fr\/?page_id=47"]}]},{"@type":"BreadcrumbList","@id":"https:\/\/studyinvalence.tcvalence.fr\/?page_id=47#breadcrumb","itemListElement":[{"@type":"ListItem","position":1,"name":"Accueil","item":"https:\/\/studyinvalence.tcvalence.fr\/"},{"@type":"ListItem","position":2,"name":"Activit\u00e9s culturelles et sportives"}]},{"@type":"WebSite","@id":"https:\/\/studyinvalence.tcvalence.fr\/#website","url":"https:\/\/studyinvalence.tcvalence.fr\/","name":"Study In Valence","description":"","potentialAction":[{"@type":"SearchAction","target":{"@type":"EntryPoint","urlTemplate":"https:\/\/studyinvalence.tcvalence.fr\/?s={search_term_string}"},"query-input":{"@type":"PropertyValueSpecification","valueRequired":true,"valueName":"search_term_string"}}],"inLanguage":"fr-FR"}]}},"_links":{"self":[{"href":"https:\/\/studyinvalence.tcvalence.fr\/index.php?rest_route=\/wp\/v2\/pages\/47","targetHints":{"allow":["GET"]}}],"collection":[{"href":"https:\/\/studyinvalence.tcvalence.fr\/index.php?rest_route=\/wp\/v2\/pages"}],"about":[{"href":"https:\/\/studyinvalence.tcvalence.fr\/index.php?rest_route=\/wp\/v2\/types\/page"}],"author":[{"embeddable":true,"href":"https:\/\/studyinvalence.tcvalence.fr\/index.php?rest_route=\/wp\/v2\/users\/1"}],"replies":[{"embeddable":true,"href":"https:\/\/studyinvalence.tcvalence.fr\/index.php?rest_route=%2Fwp%2Fv2%2Fcomments&post=47"}],"version-history":[{"count":11,"href":"https:\/\/studyinvalence.tcvalence.fr\/index.php?rest_route=\/wp\/v2\/pages\/47\/revisions"}],"predecessor-version":[{"id":289,"href":"https:\/\/studyinvalence.tcvalence.fr\/index.php?rest_route=\/wp\/v2\/pages\/47\/revisions\/289"}],"wp:attachment":[{"href":"https:\/\/studyinvalence.tcvalence.fr\/index.php?rest_route=%2Fwp%2Fv2%2Fmedia&parent=47"}],"curies":[{"name":"wp","href":"https:\/\/api.w.org\/{rel}","templated":true}]}}