{"id":56,"date":"2025-05-09T07:06:03","date_gmt":"2025-05-09T07:06:03","guid":{"rendered":"https:\/\/studyinvalence.tcvalence.fr\/?page_id=56"},"modified":"2025-05-23T15:50:38","modified_gmt":"2025-05-23T15:50:38","slug":"56-2","status":"publish","type":"page","link":"https:\/\/studyinvalence.tcvalence.fr\/?page_id=56","title":{"rendered":"Associations \u00e9tudiantes"},"content":{"rendered":"<p>[et_pb_section fb_built=\u00a0\u00bb1&Prime; admin_label=\u00a0\u00bbHeader &#038; Gallery\u00a0\u00bb _builder_version=\u00a0\u00bb4.24.3&Prime; _module_preset=\u00a0\u00bbdefault\u00a0\u00bb collapsed=\u00a0\u00bbon\u00a0\u00bb global_colors_info=\u00a0\u00bb{}\u00a0\u00bb][et_pb_row column_structure=\u00a0\u00bb1_2,1_2&Prime; _builder_version=\u00a0\u00bb4.24.3&Prime; _module_preset=\u00a0\u00bbdefault\u00a0\u00bb max_width=\u00a0\u00bbnone\u00a0\u00bb global_colors_info=\u00a0\u00bb{}\u00a0\u00bb][et_pb_column type=\u00a0\u00bb1_2&Prime; _builder_version=\u00a0\u00bb4.24.3&Prime; _module_preset=\u00a0\u00bbdefault\u00a0\u00bb custom_padding=\u00a0\u00bb|12vw|||false|false\u00a0\u00bb custom_padding_tablet=\u00a0\u00bb|0vw|||false|false\u00a0\u00bb custom_padding_phone=\u00a0\u00bb|0vw|||false|false\u00a0\u00bb custom_padding_last_edited=\u00a0\u00bbon|tablet\u00a0\u00bb global_colors_info=\u00a0\u00bb{}\u00a0\u00bb][et_pb_heading title=\u00a0\u00bbAssociations \u00e9tudiantes \u00e0 conna\u00eetre \u00a0\u00bb _builder_version=\u00a0\u00bb4.27.4&Prime; _module_preset=\u00a0\u00bbe4d9edac-8046-40ed-a819-f86e65ab8d41&Prime; hover_enabled=\u00a0\u00bb0&Prime; global_colors_info=\u00a0\u00bb{}\u00a0\u00bb width=\u00a0\u00bb120%\u00a0\u00bb sticky_enabled=\u00a0\u00bb0&Prime;][\/et_pb_heading][\/et_pb_column][et_pb_column type=\u00a0\u00bb1_2&Prime; _builder_version=\u00a0\u00bb4.24.3&Prime; _module_preset=\u00a0\u00bbdefault\u00a0\u00bb global_colors_info=\u00a0\u00bb{}\u00a0\u00bb][et_pb_text _builder_version=\u00a0\u00bb4.27.4&Prime; _module_preset=\u00a0\u00bb98004267-b3c6-4066-935d-a201e0741e05&Prime; hover_enabled=\u00a0\u00bb0&Prime; global_colors_info=\u00a0\u00bb{}\u00a0\u00bb text_font_size=\u00a0\u00bb20px\u00a0\u00bb sticky_enabled=\u00a0\u00bb0&Prime;]<\/p>\n<p><span style=\"font-weight: 400;\">S\u2019impliquer dans une association est l\u2019un des meilleurs moyens de s\u2019int\u00e9grer, de rencontrer du monde et de vivre pleinement sa vie \u00e9tudiante \u00e0 Valence. Que tu sois passionn\u00e9 par la culture, le sport, l\u2019humanitaire ou que tu veuilles repr\u00e9senter les \u00e9tudiants de ton \u00e9tablissement, il existe une multitude d\u2019associations dynamiques pr\u00eates \u00e0 t\u2019accueillir. BDE, associations internationales, projets culturels ou citoyens\u2026 D\u00e9couvre ici les groupes qui font vibrer la vie \u00e9tudiante valentinoise et rejoins ceux qui te ressemblent !<\/span><\/p>\n<p>[\/et_pb_text][\/et_pb_column][\/et_pb_row][et_pb_row column_structure=\u00a0\u00bb1_2,1_2&Prime; _builder_version=\u00a0\u00bb4.27.4&Prime; _module_preset=\u00a0\u00bbdefault\u00a0\u00bb global_colors_info=\u00a0\u00bb{}\u00a0\u00bb][et_pb_column type=\u00a0\u00bb1_2&Prime; _builder_version=\u00a0\u00bb4.27.4&Prime; _module_preset=\u00a0\u00bbdefault\u00a0\u00bb global_colors_info=\u00a0\u00bb{}\u00a0\u00bb][\/et_pb_column][et_pb_column type=\u00a0\u00bb1_2&Prime; _builder_version=\u00a0\u00bb4.27.4&Prime; _module_preset=\u00a0\u00bbdefault\u00a0\u00bb global_colors_info=\u00a0\u00bb{}\u00a0\u00bb][et_pb_heading title=\u00a0\u00bbS\u2019engager, rencontrer, partager\u00a0\u00bb _builder_version=\u00a0\u00bb4.27.4&Prime; _module_preset=\u00a0\u00bb5c50d3f3-9f63-4b37-8aa4-0d50fb66311a\u00a0\u00bb title_text_align=\u00a0\u00bbright\u00a0\u00bb global_colors_info=\u00a0\u00bb{}\u00a0\u00bb][\/et_pb_heading][\/et_pb_column][\/et_pb_row][et_pb_row column_structure=\u00a0\u00bb1_3,1_3,1_3&Prime; use_custom_gutter=\u00a0\u00bbon\u00a0\u00bb gutter_width=\u00a0\u00bb2&Prime; _builder_version=\u00a0\u00bb4.24.3&Prime; _module_preset=\u00a0\u00bbdefault\u00a0\u00bb max_width=\u00a0\u00bbnone\u00a0\u00bb custom_padding=\u00a0\u00bb0px||0px||true|false\u00a0\u00bb locked=\u00a0\u00bboff\u00a0\u00bb global_colors_info=\u00a0\u00bb{}\u00a0\u00bb][et_pb_column type=\u00a0\u00bb1_3&Prime; _builder_version=\u00a0\u00bb4.24.3&Prime; _module_preset=\u00a0\u00bbdefault\u00a0\u00bb global_colors_info=\u00a0\u00bb{}\u00a0\u00bb][et_pb_image src=\u00a0\u00bbhttps:\/\/studyinvalence.tcvalence.fr\/wp-content\/uploads\/2025\/05\/BDE.webp\u00a0\u00bb title_text=\u00a0\u00bbBDE\u00a0\u00bb _builder_version=\u00a0\u00bb4.27.4&Prime; _module_preset=\u00a0\u00bbdefault\u00a0\u00bb max_height_tablet=\u00a0\u00bb300px\u00a0\u00bb max_height_phone=\u00a0\u00bb300px\u00a0\u00bb max_height_last_edited=\u00a0\u00bbon|desktop\u00a0\u00bb locked=\u00a0\u00bboff\u00a0\u00bb global_colors_info=\u00a0\u00bb{}\u00a0\u00bb][\/et_pb_image][\/et_pb_column][et_pb_column type=\u00a0\u00bb1_3&Prime; _builder_version=\u00a0\u00bb4.24.3&Prime; _module_preset=\u00a0\u00bbdefault\u00a0\u00bb global_colors_info=\u00a0\u00bb{}\u00a0\u00bb][et_pb_image src=\u00a0\u00bbhttps:\/\/studyinvalence.tcvalence.fr\/wp-content\/uploads\/2025\/05\/Erasmus.webp\u00a0\u00bb title_text=\u00a0\u00bbErasmus\u00a0\u00bb align=\u00a0\u00bbright\u00a0\u00bb _builder_version=\u00a0\u00bb4.27.4&Prime; _module_preset=\u00a0\u00bbdefault\u00a0\u00bb max_height_tablet=\u00a0\u00bb300px\u00a0\u00bb max_height_phone=\u00a0\u00bb300px\u00a0\u00bb max_height_last_edited=\u00a0\u00bbon|tablet\u00a0\u00bb locked=\u00a0\u00bboff\u00a0\u00bb global_colors_info=\u00a0\u00bb{}\u00a0\u00bb][\/et_pb_image][\/et_pb_column][et_pb_column type=\u00a0\u00bb1_3&Prime; _builder_version=\u00a0\u00bb4.24.3&Prime; _module_preset=\u00a0\u00bbdefault\u00a0\u00bb global_colors_info=\u00a0\u00bb{}\u00a0\u00bb][et_pb_image src=\u00a0\u00bbhttps:\/\/studyinvalence.tcvalence.fr\/wp-content\/uploads\/2025\/05\/AVE.webp\u00a0\u00bb title_text=\u00a0\u00bbAVE\u00a0\u00bb _builder_version=\u00a0\u00bb4.27.4&Prime; _module_preset=\u00a0\u00bbdefault\u00a0\u00bb max_height_tablet=\u00a0\u00bb300px\u00a0\u00bb max_height_phone=\u00a0\u00bb300px\u00a0\u00bb max_height_last_edited=\u00a0\u00bbon|tablet\u00a0\u00bb locked=\u00a0\u00bboff\u00a0\u00bb global_colors_info=\u00a0\u00bb{}\u00a0\u00bb][\/et_pb_image][\/et_pb_column][\/et_pb_row][et_pb_row column_structure=\u00a0\u00bb1_3,1_3,1_3&Prime; _builder_version=\u00a0\u00bb4.24.3&Prime; _module_preset=\u00a0\u00bbdefault\u00a0\u00bb max_width=\u00a0\u00bbnone\u00a0\u00bb global_colors_info=\u00a0\u00bb{}\u00a0\u00bb][et_pb_column type=\u00a0\u00bb1_3&Prime; _builder_version=\u00a0\u00bb4.24.3&Prime; _module_preset=\u00a0\u00bbdefault\u00a0\u00bb global_colors_info=\u00a0\u00bb{}\u00a0\u00bb][et_pb_heading title=\u00a0\u00bbBDE \u2013 Bureau des \u00e9tudiants\u00a0\u00bb _builder_version=\u00a0\u00bb4.27.4&Prime; _module_preset=\u00a0\u00bb9428b01d-82da-4455-843a-53e48b7038dc\u00a0\u00bb global_colors_info=\u00a0\u00bb{%22gcid-3e93bdc5-146d-448e-a761-9f1b4dd51113%22:%91%22link_text_color%22,%22quote_border_color%22%93,%22gcid-c7d8f091-13fc-48ff-a161-01fd58ed72d5%22:%91%22quote_text_color%22,%22quote_text_color%22%93}\u00a0\u00bb][\/et_pb_heading][et_pb_text _builder_version=\u00a0\u00bb4.27.4&Prime; _module_preset=\u00a0\u00bbdefault\u00a0\u00bb global_colors_info=\u00a0\u00bb{}\u00a0\u00bb]<\/p>\n<p><span style=\"font-weight: 400;\">Le BDE est le c\u0153ur de la vie \u00e9tudiante sur le campus. Il organise des \u00e9v\u00e9nements festifs (soir\u00e9es, week-ends d\u2019int\u00e9gration), des activit\u00e9s sportives, culturelles et solidaires tout au long de l\u2019ann\u00e9e. C\u2019est l\u2019endroit id\u00e9al pour se faire des amis et vivre une vie \u00e9tudiante dynamique !<\/span><\/p>\n<p><span style=\"font-weight: 400;\">\ud83d\udccd Sur le campus<\/span><\/p>\n<p>[\/et_pb_text][\/et_pb_column][et_pb_column type=\u00a0\u00bb1_3&Prime; _builder_version=\u00a0\u00bb4.24.3&Prime; _module_preset=\u00a0\u00bbdefault\u00a0\u00bb global_colors_info=\u00a0\u00bb{}\u00a0\u00bb][et_pb_heading title=\u00a0\u00bbESN Valence \u2013 Erasmus Student Network\u00a0\u00bb _builder_version=\u00a0\u00bb4.27.4&Prime; _module_preset=\u00a0\u00bb9428b01d-82da-4455-843a-53e48b7038dc\u00a0\u00bb global_colors_info=\u00a0\u00bb{%22gcid-3e93bdc5-146d-448e-a761-9f1b4dd51113%22:%91%22link_text_color%22,%22quote_border_color%22%93,%22gcid-c7d8f091-13fc-48ff-a161-01fd58ed72d5%22:%91%22quote_text_color%22,%22quote_text_color%22%93}\u00a0\u00bb][\/et_pb_heading][et_pb_text _builder_version=\u00a0\u00bb4.27.4&Prime; _module_preset=\u00a0\u00bbdefault\u00a0\u00bb global_colors_info=\u00a0\u00bb{}\u00a0\u00bb]<\/p>\n<p><span style=\"font-weight: 400;\">L\u2019association ESN accompagne les \u00e9tudiants internationaux dans leur int\u00e9gration \u00e0 Valence : sorties, soir\u00e9es interculturelles, week-ends d\u00e9couverte, parrainage&#8230; Une super communaut\u00e9 pour rencontrer des \u00e9tudiants du monde entier et d\u00e9couvrir la r\u00e9gion ensemble.<\/span><\/p>\n<p><span style=\"font-weight: 400;\">\ud83d\udccd Maison de l\u2019\u00c9tudiant \u2013 19 rue Barth\u00e9l\u00e9my Roux, Valence<\/span><\/p>\n<p>[\/et_pb_text][\/et_pb_column][et_pb_column type=\u00a0\u00bb1_3&Prime; _builder_version=\u00a0\u00bb4.24.3&Prime; _module_preset=\u00a0\u00bbdefault\u00a0\u00bb global_colors_info=\u00a0\u00bb{}\u00a0\u00bb][et_pb_heading title=\u00a0\u00bbA.V.E \u2013 Association Valentinoise des \u00c9tudiants\u00a0\u00bb _builder_version=\u00a0\u00bb4.27.4&Prime; _module_preset=\u00a0\u00bb9428b01d-82da-4455-843a-53e48b7038dc\u00a0\u00bb global_colors_info=\u00a0\u00bb{%22gcid-3e93bdc5-146d-448e-a761-9f1b4dd51113%22:%91%22link_text_color%22,%22quote_border_color%22%93,%22gcid-c7d8f091-13fc-48ff-a161-01fd58ed72d5%22:%91%22quote_text_color%22,%22quote_text_color%22%93}\u00a0\u00bb][\/et_pb_heading][et_pb_text _builder_version=\u00a0\u00bb4.27.4&Prime; _module_preset=\u00a0\u00bbdefault\u00a0\u00bb global_colors_info=\u00a0\u00bb{}\u00a0\u00bb]<\/p>\n<p><span style=\"font-weight: 400;\">L\u2019AVE agit pour repr\u00e9senter les \u00e9tudiants de Valence dans leur diversit\u00e9 et renforcer les liens entre eux. Elle organise des \u00e9v\u00e9nements intercampus, des moments de convivialit\u00e9 (repas partag\u00e9s, jeux, sorties), et participe activement \u00e0 la vie associative locale. L\u2019AVE est aussi impliqu\u00e9e dans des actions citoyennes et solidaires.<\/span><\/p>\n<p><span style=\"font-weight: 400;\">\ud83d\udccd Maison de l\u2019\u00c9tudiant \u2013 19 rue Barth\u00e9l\u00e9my Roux, Valence<\/span><\/p>\n<p>[\/et_pb_text][\/et_pb_column][\/et_pb_row][\/et_pb_section][et_pb_section fb_built=\u00a0\u00bb1&Prime; admin_label=\u00a0\u00bbContact Info\u00a0\u00bb _builder_version=\u00a0\u00bb4.27.4&Prime; _module_preset=\u00a0\u00bbdefault\u00a0\u00bb background_enable_color=\u00a0\u00bboff\u00a0\u00bb background_image=\u00a0\u00bbhttps:\/\/studyinvalence.tcvalence.fr\/wp-content\/uploads\/2025\/05\/Bat-B-1.webp\u00a0\u00bb parallax=\u00a0\u00bbon\u00a0\u00bb custom_padding=\u00a0\u00bb6vw|10vw||10vw|false|true\u00a0\u00bb locked=\u00a0\u00bboff\u00a0\u00bb collapsed=\u00a0\u00bbon\u00a0\u00bb global_colors_info=\u00a0\u00bb{}\u00a0\u00bb][et_pb_row _builder_version=\u00a0\u00bb4.27.4&Prime; _module_preset=\u00a0\u00bbdefault\u00a0\u00bb width=\u00a0\u00bb100%\u00a0\u00bb max_width=\u00a0\u00bb1450px\u00a0\u00bb custom_padding=\u00a0\u00bb1px||2px|||\u00a0\u00bb scroll_vertical_motion_enable=\u00a0\u00bbon\u00a0\u00bb scroll_vertical_motion=\u00a0\u00bb0|50|50|100|1|0|-1&Prime; global_colors_info=\u00a0\u00bb{}\u00a0\u00bb][et_pb_column type=\u00a0\u00bb4_4&Prime; _builder_version=\u00a0\u00bb4.24.3&Prime; _module_preset=\u00a0\u00bbdefault\u00a0\u00bb background_color=\u00a0\u00bb#FFFFFF\u00a0\u00bb custom_padding=\u00a0\u00bb6vw|60px|6vw|60px|true|true\u00a0\u00bb custom_padding_tablet=\u00a0\u00bb30px|30px|30px|30px|true|true\u00a0\u00bb custom_padding_phone=\u00a0\u00bb20px|20px|20px|20px|true|true\u00a0\u00bb custom_padding_last_edited=\u00a0\u00bbon|desktop\u00a0\u00bb global_colors_info=\u00a0\u00bb{}\u00a0\u00bb][et_pb_heading title=\u00a0\u00bbL\u2019engagement au c\u0153ur de la vie \u00e9tudiante\u00a0\u00bb _builder_version=\u00a0\u00bb4.27.4&Prime; _module_preset=\u00a0\u00bb5c50d3f3-9f63-4b37-8aa4-0d50fb66311a\u00a0\u00bb title_text_align=\u00a0\u00bbcenter\u00a0\u00bb global_colors_info=\u00a0\u00bb{}\u00a0\u00bb][\/et_pb_heading][et_pb_text _builder_version=\u00a0\u00bb4.27.4&Prime; _module_preset=\u00a0\u00bbdefault\u00a0\u00bb hover_enabled=\u00a0\u00bb0&Prime; global_colors_info=\u00a0\u00bb{}\u00a0\u00bb text_font=\u00a0\u00bbJosefin Sans||||||||\u00a0\u00bb text_font_size=\u00a0\u00bb18px\u00a0\u00bb sticky_enabled=\u00a0\u00bb0&Prime;]<\/p>\n<p data-start=\"229\" data-end=\"592\">Solidar\u2019\u00c9tudes est bien plus qu\u2019une simple association : c\u2019est un espace d\u2019engagement, de solidarit\u00e9 et de rencontres humaines pour tous les \u00e9tudiants de Valence. Port\u00e9e par une \u00e9quipe dynamique et ouverte \u00e0 tous, cette association propose aux jeunes de s\u2019impliquer dans des actions concr\u00e8tes, locales ou internationales, pour agir en faveur des plus vuln\u00e9rables.<\/p>\n<p data-start=\"594\" data-end=\"644\">\u00c0 Valence, Solidar\u2019\u00c9tudes organise r\u00e9guli\u00e8rement :<\/p>\n<ul>\n<li style=\"list-style-type: none;\">\n<ul data-start=\"645\" data-end=\"935\">\n<li data-start=\"645\" data-end=\"716\">\n<p data-start=\"647\" data-end=\"716\">des <strong data-start=\"651\" data-end=\"663\">maraudes<\/strong> pour aller \u00e0 la rencontre des personnes sans-abri,<\/p>\n<\/li>\n<li data-start=\"717\" data-end=\"788\">\n<p data-start=\"719\" data-end=\"788\">des <strong data-start=\"723\" data-end=\"785\">collectes de v\u00eatements, produits d\u2019hygi\u00e8ne ou alimentaires<\/strong>,<\/p>\n<\/li>\n<li data-start=\"789\" data-end=\"859\">\n<p data-start=\"791\" data-end=\"859\">des <strong data-start=\"795\" data-end=\"827\">campagnes de sensibilisation<\/strong> sur des th\u00e9matiques sociales,<\/p>\n<\/li>\n<li data-start=\"860\" data-end=\"935\">\n<p data-start=\"862\" data-end=\"935\">des <strong data-start=\"866\" data-end=\"891\">\u00e9v\u00e9nements solidaires<\/strong> (cin\u00e9-d\u00e9bats, repas partag\u00e9s, conf\u00e9rences).<\/p>\n<\/li>\n<\/ul>\n<\/li>\n<\/ul>\n<p data-start=\"937\" data-end=\"1207\">Mais ce n\u2019est pas tout. Chaque ann\u00e9e, des projets humanitaires sont mont\u00e9s avec l\u2019aide des \u00e9tudiants : missions \u00e0 l\u2019\u00e9tranger, partenariats avec des ONG, projets d\u2019aide au d\u00e9veloppement. Une mani\u00e8re unique de sortir du cadre acad\u00e9mique et d\u2019agir pour un monde plus juste.<\/p>\n<p data-start=\"1209\" data-end=\"1521\">Rejoindre Solidar\u2019\u00c9tudes, c\u2019est aussi apprendre \u00e0 travailler en \u00e9quipe, d\u00e9velopper des comp\u00e9tences humaines et vivre des exp\u00e9riences qui donnent du sens \u00e0 ton parcours universitaire. L\u2019association est ouverte \u00e0 tous les profils, sans distinction, et encourage la diversit\u00e9 et l\u2019inclusion dans toutes ses actions.<\/p>\n<p data-start=\"1209\" data-end=\"1521\"><strong data-start=\"1526\" data-end=\"1539\">Adresse :<\/strong><span> Maison des \u00c9tudiants \u2013 19 rue Barth\u00e9l\u00e9my Roux, Valence<\/span><br data-start=\"1594\" data-end=\"1597\" \/><strong data-start=\"1600\" data-end=\"1613\">Contact :<\/strong><span> <\/span><a data-start=\"1614\" data-end=\"1646\" class=\"cursor-pointer\" rel=\"noopener\">solidar.etudes.valence@gmail.com<\/a><\/p>\n<p>[\/et_pb_text][\/et_pb_column][\/et_pb_row][\/et_pb_section][et_pb_section fb_built=\u00a0\u00bb1&Prime; _builder_version=\u00a0\u00bb4.27.4&Prime; _module_preset=\u00a0\u00bbdefault\u00a0\u00bb global_colors_info=\u00a0\u00bb{}\u00a0\u00bb][et_pb_row column_structure=\u00a0\u00bb3_5,2_5&Prime; _builder_version=\u00a0\u00bb4.27.4&Prime; _module_preset=\u00a0\u00bbdefault\u00a0\u00bb global_colors_info=\u00a0\u00bb{}\u00a0\u00bb][et_pb_column type=\u00a0\u00bb3_5&Prime; _builder_version=\u00a0\u00bb4.27.4&Prime; _module_preset=\u00a0\u00bbdefault\u00a0\u00bb global_colors_info=\u00a0\u00bb{}\u00a0\u00bb][et_pb_heading title=\u00a0\u00bbS\u2019engager et cr\u00e9er : associations \u00e9tudiantes culturelles et collectives\u00a0\u00bb _builder_version=\u00a0\u00bb4.27.4&Prime; _module_preset=\u00a0\u00bb5c50d3f3-9f63-4b37-8aa4-0d50fb66311a\u00a0\u00bb title_text_align=\u00a0\u00bbleft\u00a0\u00bb global_colors_info=\u00a0\u00bb{}\u00a0\u00bb][\/et_pb_heading][\/et_pb_column][et_pb_column type=\u00a0\u00bb2_5&Prime; _builder_version=\u00a0\u00bb4.27.4&Prime; _module_preset=\u00a0\u00bbdefault\u00a0\u00bb global_colors_info=\u00a0\u00bb{}\u00a0\u00bb][et_pb_image src=\u00a0\u00bbhttps:\/\/studyinvalence.tcvalence.fr\/wp-content\/uploads\/2025\/05\/collectif.webp\u00a0\u00bb title_text=\u00a0\u00bbcollectif\u00a0\u00bb _builder_version=\u00a0\u00bb4.27.4&Prime; _module_preset=\u00a0\u00bbdefault\u00a0\u00bb min_height=\u00a0\u00bb305px\u00a0\u00bb global_colors_info=\u00a0\u00bb{}\u00a0\u00bb][\/et_pb_image][\/et_pb_column][\/et_pb_row][et_pb_row column_structure=\u00a0\u00bb2_5,3_5&Prime; _builder_version=\u00a0\u00bb4.27.4&Prime; _module_preset=\u00a0\u00bbdefault\u00a0\u00bb global_colors_info=\u00a0\u00bb{}\u00a0\u00bb][et_pb_column type=\u00a0\u00bb2_5&Prime; _builder_version=\u00a0\u00bb4.27.4&Prime; _module_preset=\u00a0\u00bbdefault\u00a0\u00bb global_colors_info=\u00a0\u00bb{}\u00a0\u00bb][et_pb_image src=\u00a0\u00bbhttps:\/\/studyinvalence.tcvalence.fr\/wp-content\/uploads\/2025\/05\/art.webp\u00a0\u00bb title_text=\u00a0\u00bbart\u00a0\u00bb _builder_version=\u00a0\u00bb4.27.4&Prime; _module_preset=\u00a0\u00bbdefault\u00a0\u00bb global_colors_info=\u00a0\u00bb{}\u00a0\u00bb][\/et_pb_image][\/et_pb_column][et_pb_column type=\u00a0\u00bb3_5&Prime; _builder_version=\u00a0\u00bb4.27.4&Prime; _module_preset=\u00a0\u00bbdefault\u00a0\u00bb global_colors_info=\u00a0\u00bb{}\u00a0\u00bb][et_pb_text _builder_version=\u00a0\u00bb4.27.4&Prime; _module_preset=\u00a0\u00bbdefault\u00a0\u00bb global_colors_info=\u00a0\u00bb{}\u00a0\u00bb]<\/p>\n<p><strong>InterAsso Valence<\/strong><\/p>\n<p><span style=\"font-weight: 400;\">Cette association regroupe plusieurs associations \u00e9tudiantes locales pour coordonner des projets communs : forums, campagnes de sensibilisation, \u00e9v\u00e9nements solidaires\u2026 Elle encourage l&rsquo;engagement \u00e9tudiant et facilite les rencontres entre fili\u00e8res.<\/span><\/p>\n<p><span style=\"font-weight: 400;\">\ud83d\udccd Campus Latour-Maubourg \u2013 11 rue Montplaisir, Valence<br style=\"font-weight: 400;\" \/><\/span><\/p>\n<p>[\/et_pb_text][et_pb_text _builder_version=\u00a0\u00bb4.27.4&Prime; _module_preset=\u00a0\u00bbdefault\u00a0\u00bb global_colors_info=\u00a0\u00bb{}\u00a0\u00bb]<\/p>\n<p><strong>Art Campus<\/strong><\/p>\n<p><span style=\"font-weight: 400;\">Tu aimes le th\u00e9\u00e2tre, la danse, la photo ou le cin\u00e9ma ? Art Campus propose des ateliers cr\u00e9atifs et des projets artistiques port\u00e9s par les \u00e9tudiants. Un bon moyen d\u2019exprimer ta cr\u00e9ativit\u00e9 et de monter des projets collectifs.<\/span><\/p>\n<p><span style=\"font-weight: 400;\">\ud83d\udccd Campus Briffaut \u2013 Espace associatif \u00e9tudiant<\/span><\/p>\n<p><span style=\"font-weight: 400;\">Contact : artcampus.valence@gmail.com<\/span><\/p>\n<p>[\/et_pb_text][\/et_pb_column][\/et_pb_row][\/et_pb_section]<\/p>\n","protected":false},"excerpt":{"rendered":"<p>S\u2019impliquer dans une association est l\u2019un des meilleurs moyens de s\u2019int\u00e9grer, de rencontrer du monde et de vivre pleinement sa vie \u00e9tudiante \u00e0 Valence. Que tu sois passionn\u00e9 par la culture, le sport, l\u2019humanitaire ou que tu veuilles repr\u00e9senter les \u00e9tudiants de ton \u00e9tablissement, il existe une multitude d\u2019associations dynamiques pr\u00eates \u00e0 t\u2019accueillir. BDE, associations [&hellip;]<\/p>\n","protected":false},"author":1,"featured_media":0,"parent":0,"menu_order":0,"comment_status":"closed","ping_status":"closed","template":"","meta":{"_et_pb_use_builder":"on","_et_pb_old_content":"","_et_gb_content_width":"","footnotes":""},"class_list":["post-56","page","type-page","status-publish","hentry"],"yoast_head":"<!-- This site is optimized with the Yoast SEO plugin v25.2 - https:\/\/yoast.com\/wordpress\/plugins\/seo\/ -->\n<title>Associations \u00e9tudiantes - Study In Valence<\/title>\n<meta name=\"robots\" content=\"index, follow, max-snippet:-1, max-image-preview:large, max-video-preview:-1\" \/>\n<link rel=\"canonical\" href=\"https:\/\/studyinvalence.tcvalence.fr\/?page_id=56\" \/>\n<meta property=\"og:locale\" content=\"fr_FR\" \/>\n<meta property=\"og:type\" content=\"article\" \/>\n<meta property=\"og:title\" content=\"Associations \u00e9tudiantes - Study In Valence\" \/>\n<meta property=\"og:description\" content=\"S\u2019impliquer dans une association est l\u2019un des meilleurs moyens de s\u2019int\u00e9grer, de rencontrer du monde et de vivre pleinement sa vie \u00e9tudiante \u00e0 Valence. Que tu sois passionn\u00e9 par la culture, le sport, l\u2019humanitaire ou que tu veuilles repr\u00e9senter les \u00e9tudiants de ton \u00e9tablissement, il existe une multitude d\u2019associations dynamiques pr\u00eates \u00e0 t\u2019accueillir. BDE, associations [&hellip;]\" \/>\n<meta property=\"og:url\" content=\"https:\/\/studyinvalence.tcvalence.fr\/?page_id=56\" \/>\n<meta property=\"og:site_name\" content=\"Study In Valence\" \/>\n<meta property=\"article:modified_time\" content=\"2025-05-23T15:50:38+00:00\" \/>\n<meta name=\"twitter:card\" content=\"summary_large_image\" \/>\n<script type=\"application\/ld+json\" class=\"yoast-schema-graph\">{\"@context\":\"https:\/\/schema.org\",\"@graph\":[{\"@type\":\"WebPage\",\"@id\":\"https:\/\/studyinvalence.tcvalence.fr\/?page_id=56\",\"url\":\"https:\/\/studyinvalence.tcvalence.fr\/?page_id=56\",\"name\":\"Associations \u00e9tudiantes - Study In Valence\",\"isPartOf\":{\"@id\":\"https:\/\/studyinvalence.tcvalence.fr\/#website\"},\"datePublished\":\"2025-05-09T07:06:03+00:00\",\"dateModified\":\"2025-05-23T15:50:38+00:00\",\"breadcrumb\":{\"@id\":\"https:\/\/studyinvalence.tcvalence.fr\/?page_id=56#breadcrumb\"},\"inLanguage\":\"fr-FR\",\"potentialAction\":[{\"@type\":\"ReadAction\",\"target\":[\"https:\/\/studyinvalence.tcvalence.fr\/?page_id=56\"]}]},{\"@type\":\"BreadcrumbList\",\"@id\":\"https:\/\/studyinvalence.tcvalence.fr\/?page_id=56#breadcrumb\",\"itemListElement\":[{\"@type\":\"ListItem\",\"position\":1,\"name\":\"Accueil\",\"item\":\"https:\/\/studyinvalence.tcvalence.fr\/\"},{\"@type\":\"ListItem\",\"position\":2,\"name\":\"Associations \u00e9tudiantes\"}]},{\"@type\":\"WebSite\",\"@id\":\"https:\/\/studyinvalence.tcvalence.fr\/#website\",\"url\":\"https:\/\/studyinvalence.tcvalence.fr\/\",\"name\":\"Study In Valence\",\"description\":\"\",\"potentialAction\":[{\"@type\":\"SearchAction\",\"target\":{\"@type\":\"EntryPoint\",\"urlTemplate\":\"https:\/\/studyinvalence.tcvalence.fr\/?s={search_term_string}\"},\"query-input\":{\"@type\":\"PropertyValueSpecification\",\"valueRequired\":true,\"valueName\":\"search_term_string\"}}],\"inLanguage\":\"fr-FR\"}]}<\/script>\n<!-- \/ Yoast SEO plugin. -->","yoast_head_json":{"title":"Associations \u00e9tudiantes - Study In Valence","robots":{"index":"index","follow":"follow","max-snippet":"max-snippet:-1","max-image-preview":"max-image-preview:large","max-video-preview":"max-video-preview:-1"},"canonical":"https:\/\/studyinvalence.tcvalence.fr\/?page_id=56","og_locale":"fr_FR","og_type":"article","og_title":"Associations \u00e9tudiantes - Study In Valence","og_description":"S\u2019impliquer dans une association est l\u2019un des meilleurs moyens de s\u2019int\u00e9grer, de rencontrer du monde et de vivre pleinement sa vie \u00e9tudiante \u00e0 Valence. Que tu sois passionn\u00e9 par la culture, le sport, l\u2019humanitaire ou que tu veuilles repr\u00e9senter les \u00e9tudiants de ton \u00e9tablissement, il existe une multitude d\u2019associations dynamiques pr\u00eates \u00e0 t\u2019accueillir. BDE, associations [&hellip;]","og_url":"https:\/\/studyinvalence.tcvalence.fr\/?page_id=56","og_site_name":"Study In Valence","article_modified_time":"2025-05-23T15:50:38+00:00","twitter_card":"summary_large_image","schema":{"@context":"https:\/\/schema.org","@graph":[{"@type":"WebPage","@id":"https:\/\/studyinvalence.tcvalence.fr\/?page_id=56","url":"https:\/\/studyinvalence.tcvalence.fr\/?page_id=56","name":"Associations \u00e9tudiantes - Study In Valence","isPartOf":{"@id":"https:\/\/studyinvalence.tcvalence.fr\/#website"},"datePublished":"2025-05-09T07:06:03+00:00","dateModified":"2025-05-23T15:50:38+00:00","breadcrumb":{"@id":"https:\/\/studyinvalence.tcvalence.fr\/?page_id=56#breadcrumb"},"inLanguage":"fr-FR","potentialAction":[{"@type":"ReadAction","target":["https:\/\/studyinvalence.tcvalence.fr\/?page_id=56"]}]},{"@type":"BreadcrumbList","@id":"https:\/\/studyinvalence.tcvalence.fr\/?page_id=56#breadcrumb","itemListElement":[{"@type":"ListItem","position":1,"name":"Accueil","item":"https:\/\/studyinvalence.tcvalence.fr\/"},{"@type":"ListItem","position":2,"name":"Associations \u00e9tudiantes"}]},{"@type":"WebSite","@id":"https:\/\/studyinvalence.tcvalence.fr\/#website","url":"https:\/\/studyinvalence.tcvalence.fr\/","name":"Study In Valence","description":"","potentialAction":[{"@type":"SearchAction","target":{"@type":"EntryPoint","urlTemplate":"https:\/\/studyinvalence.tcvalence.fr\/?s={search_term_string}"},"query-input":{"@type":"PropertyValueSpecification","valueRequired":true,"valueName":"search_term_string"}}],"inLanguage":"fr-FR"}]}},"_links":{"self":[{"href":"https:\/\/studyinvalence.tcvalence.fr\/index.php?rest_route=\/wp\/v2\/pages\/56","targetHints":{"allow":["GET"]}}],"collection":[{"href":"https:\/\/studyinvalence.tcvalence.fr\/index.php?rest_route=\/wp\/v2\/pages"}],"about":[{"href":"https:\/\/studyinvalence.tcvalence.fr\/index.php?rest_route=\/wp\/v2\/types\/page"}],"author":[{"embeddable":true,"href":"https:\/\/studyinvalence.tcvalence.fr\/index.php?rest_route=\/wp\/v2\/users\/1"}],"replies":[{"embeddable":true,"href":"https:\/\/studyinvalence.tcvalence.fr\/index.php?rest_route=%2Fwp%2Fv2%2Fcomments&post=56"}],"version-history":[{"count":11,"href":"https:\/\/studyinvalence.tcvalence.fr\/index.php?rest_route=\/wp\/v2\/pages\/56\/revisions"}],"predecessor-version":[{"id":291,"href":"https:\/\/studyinvalence.tcvalence.fr\/index.php?rest_route=\/wp\/v2\/pages\/56\/revisions\/291"}],"wp:attachment":[{"href":"https:\/\/studyinvalence.tcvalence.fr\/index.php?rest_route=%2Fwp%2Fv2%2Fmedia&parent=56"}],"curies":[{"name":"wp","href":"https:\/\/api.w.org\/{rel}","templated":true}]}}